{"id":1002,"date":"2020-10-13T18:57:33","date_gmt":"2020-10-13T18:57:33","guid":{"rendered":"https:\/\/medblueconomyplatform.org\/?page_id=1002\/"},"modified":"2023-09-28T20:59:17","modified_gmt":"2023-09-28T20:59:17","slug":"directives-de-lue","status":"publish","type":"page","link":"https:\/\/medblueconomyplatform.org\/fr\/cadre-de-leconomie-bleue\/directives-de-lue\/","title":{"rendered":"Directives de l\u2019UE"},"content":{"rendered":"\n<p>Vous trouverez ici une compilation de directives \u00e0 l\u2019\u00e9chelle europ\u00e9enne r\u00e9glementant les affaires marines et maritimes et les secteurs connexes.<\/p>\n","protected":false},"excerpt":{"rendered":"<p>Vous trouverez ici une compilation de directives \u00e0 l\u2019\u00e9chelle europ\u00e9enne r\u00e9glementant les affaires marines et maritimes et les secteurs connexes.<\/p>\n","protected":false},"author":2,"featured_media":0,"parent":998,"menu_order":0,"comment_status":"closed","ping_status":"closed","template":"page-eudirectives.php","meta":{"footnotes":""},"_links":{"self":[{"href":"https:\/\/medblueconomyplatform.org\/fr\/wp-json\/wp\/v2\/pages\/1002"}],"collection":[{"href":"https:\/\/medblueconomyplatform.org\/fr\/wp-json\/wp\/v2\/pages"}],"about":[{"href":"https:\/\/medblueconomyplatform.org\/fr\/wp-json\/wp\/v2\/types\/page"}],"author":[{"embeddable":true,"href":"https:\/\/medblueconomyplatform.org\/fr\/wp-json\/wp\/v2\/users\/2"}],"replies":[{"embeddable":true,"href":"https:\/\/medblueconomyplatform.org\/fr\/wp-json\/wp\/v2\/comments?post=1002"}],"version-history":[{"count":1,"href":"https:\/\/medblueconomyplatform.org\/fr\/wp-json\/wp\/v2\/pages\/1002\/revisions"}],"predecessor-version":[{"id":1003,"href":"https:\/\/medblueconomyplatform.org\/fr\/wp-json\/wp\/v2\/pages\/1002\/revisions\/1003"}],"up":[{"embeddable":true,"href":"https:\/\/medblueconomyplatform.org\/fr\/wp-json\/wp\/v2\/pages\/998"}],"wp:attachment":[{"href":"https:\/\/medblueconomyplatform.org\/fr\/wp-json\/wp\/v2\/media?parent=1002"}],"curies":[{"name":"wp","href":"https:\/\/api.w.org\/{rel}","templated":true}]}}