{"id":1004,"date":"2020-10-13T18:58:55","date_gmt":"2020-10-13T18:58:55","guid":{"rendered":"https:\/\/medblueconomyplatform.org\/?page_id=1004\/"},"modified":"2023-09-28T21:00:11","modified_gmt":"2023-09-28T21:00:11","slug":"bassin-mediterraneen","status":"publish","type":"page","link":"https:\/\/medblueconomyplatform.org\/fr\/cadre-de-leconomie-bleue\/bassin-mediterraneen\/","title":{"rendered":"Bassin M\u00e9diterran\u00e9en"},"content":{"rendered":"\n<p>Vous trouverez ici les politiques, les strat\u00e9gies, les p\u00f4les d\u2019activit\u00e9s et les communaut\u00e9s port\u00e9s sur les affaires marines et maritimes dans la r\u00e9gion.<\/p>\n","protected":false},"excerpt":{"rendered":"<p>Vous trouverez ici les politiques, les strat\u00e9gies, les p\u00f4les d\u2019activit\u00e9s et les communaut\u00e9s port\u00e9s sur les affaires marines et maritimes dans la r\u00e9gion.<\/p>\n","protected":false},"author":2,"featured_media":0,"parent":998,"menu_order":0,"comment_status":"closed","ping_status":"closed","template":"page-mediterraneanbasin.php","meta":{"footnotes":""},"_links":{"self":[{"href":"https:\/\/medblueconomyplatform.org\/fr\/wp-json\/wp\/v2\/pages\/1004"}],"collection":[{"href":"https:\/\/medblueconomyplatform.org\/fr\/wp-json\/wp\/v2\/pages"}],"about":[{"href":"https:\/\/medblueconomyplatform.org\/fr\/wp-json\/wp\/v2\/types\/page"}],"author":[{"embeddable":true,"href":"https:\/\/medblueconomyplatform.org\/fr\/wp-json\/wp\/v2\/users\/2"}],"replies":[{"embeddable":true,"href":"https:\/\/medblueconomyplatform.org\/fr\/wp-json\/wp\/v2\/comments?post=1004"}],"version-history":[{"count":1,"href":"https:\/\/medblueconomyplatform.org\/fr\/wp-json\/wp\/v2\/pages\/1004\/revisions"}],"predecessor-version":[{"id":1005,"href":"https:\/\/medblueconomyplatform.org\/fr\/wp-json\/wp\/v2\/pages\/1004\/revisions\/1005"}],"up":[{"embeddable":true,"href":"https:\/\/medblueconomyplatform.org\/fr\/wp-json\/wp\/v2\/pages\/998"}],"wp:attachment":[{"href":"https:\/\/medblueconomyplatform.org\/fr\/wp-json\/wp\/v2\/media?parent=1004"}],"curies":[{"name":"wp","href":"https:\/\/api.w.org\/{rel}","templated":true}]}}