{"id":1006,"date":"2020-10-13T19:05:12","date_gmt":"2020-10-13T19:05:12","guid":{"rendered":"https:\/\/medblueconomyplatform.org\/?page_id=1006\/"},"modified":"2020-10-13T19:05:12","modified_gmt":"2020-10-13T19:05:12","slug":"communaute-de-leconomie-bleue","status":"publish","type":"page","link":"https:\/\/medblueconomyplatform.org\/fr\/communaute-de-leconomie-bleue\/","title":{"rendered":"Communaut\u00e9 de l&rsquo;\u00c9conomie Bleue"},"content":{"rendered":"\n<p>Bienvenue \u00e0 la Communaut\u00e9 M\u00e9diterran\u00e9enne de l&rsquo;\u00c9conomie Bleue.<\/p>\n\n\n\n<p>Vous trouverez ici tous les programmes, organisations, projets et initiatives pertinents relatifs aux affaires marines et maritimes en M\u00e9diterran\u00e9e, ainsi que des experts dans le domaine. Vous souhaitez faire partie de la Communaut\u00e9 de l&rsquo;\u00c9conomie Bleue en M\u00e9diterran\u00e9e? Remplissez ces simples formulaires:\u00a0<\/p>\n\n\n\n<p><a href=\"http:\/\/medblueconomyplatform.org\/blue-economy-community\/vkc-initiatives\/\">Initiatives\u00a0<\/a><br><a href=\"http:\/\/medblueconomyplatform.org\/blue-economy-community\/vkc-stakeholders\/\">Acteurs<\/a><\/p>\n\n\n\n<p>Vous pouvez \u00e9galement rechercher les initiatives et les acteurs \u00e0 l&rsquo;aide de la carte ci-dessous:\u00a0<\/p>\n","protected":false},"excerpt":{"rendered":"<p>Bienvenue \u00e0 la Communaut\u00e9 M\u00e9diterran\u00e9enne de l&rsquo;\u00c9conomie Bleue. Vous trouverez ici tous les programmes, organisations, projets et initiatives pertinents relatifs aux affaires marines et maritimes en M\u00e9diterran\u00e9e, ainsi que des experts dans le domaine. Vous souhaitez faire partie de la Communaut\u00e9 de l&rsquo;\u00c9conomie Bleue en M\u00e9diterran\u00e9e? Remplissez ces simples formulaires:\u00a0 Initiatives\u00a0Acteurs Vous pouvez \u00e9galement rechercher &hellip; <\/p>\n<p class=\"link-more\"><a href=\"https:\/\/medblueconomyplatform.org\/fr\/communaute-de-leconomie-bleue\/\" class=\"more-link\">Continuer la lecture<span class=\"screen-reader-text\"> de &laquo;&nbsp;Communaut\u00e9 de l&rsquo;\u00c9conomie Bleue&nbsp;&raquo;<\/span><\/a><\/p>\n","protected":false},"author":2,"featured_media":0,"parent":0,"menu_order":0,"comment_status":"closed","ping_status":"closed","template":"page-blue-economy-community.php","meta":{"footnotes":""},"_links":{"self":[{"href":"https:\/\/medblueconomyplatform.org\/fr\/wp-json\/wp\/v2\/pages\/1006"}],"collection":[{"href":"https:\/\/medblueconomyplatform.org\/fr\/wp-json\/wp\/v2\/pages"}],"about":[{"href":"https:\/\/medblueconomyplatform.org\/fr\/wp-json\/wp\/v2\/types\/page"}],"author":[{"embeddable":true,"href":"https:\/\/medblueconomyplatform.org\/fr\/wp-json\/wp\/v2\/users\/2"}],"replies":[{"embeddable":true,"href":"https:\/\/medblueconomyplatform.org\/fr\/wp-json\/wp\/v2\/comments?post=1006"}],"version-history":[{"count":1,"href":"https:\/\/medblueconomyplatform.org\/fr\/wp-json\/wp\/v2\/pages\/1006\/revisions"}],"predecessor-version":[{"id":1007,"href":"https:\/\/medblueconomyplatform.org\/fr\/wp-json\/wp\/v2\/pages\/1006\/revisions\/1007"}],"wp:attachment":[{"href":"https:\/\/medblueconomyplatform.org\/fr\/wp-json\/wp\/v2\/media?parent=1006"}],"curies":[{"name":"wp","href":"https:\/\/api.w.org\/{rel}","templated":true}]}}