{"id":1008,"date":"2020-10-13T19:07:33","date_gmt":"2020-10-13T19:07:33","guid":{"rendered":"https:\/\/medblueconomyplatform.org\/?page_id=1008\/"},"modified":"2023-09-28T21:02:18","modified_gmt":"2023-09-28T21:02:18","slug":"initiatives","status":"publish","type":"page","link":"https:\/\/medblueconomyplatform.org\/fr\/communaute-de-leconomie-bleue\/initiatives\/","title":{"rendered":"Initiatives"},"content":{"rendered":"\n<p>Rechercher les programmes, les projets et les initiatives marines et maritimes dans la r\u00e9gion m\u00e9diterran\u00e9enne en utilisant la fonction de recherche ci-dessous ou naviguez sur la carte. Vous pouvez charger votre initiative, projet ou programme via l&rsquo;option \u00abTELECHARGER NOUVEAU\u00bb.&nbsp;<\/p>\n","protected":false},"excerpt":{"rendered":"<p>Rechercher les programmes, les projets et les initiatives marines et maritimes dans la r\u00e9gion m\u00e9diterran\u00e9enne en utilisant la fonction de recherche ci-dessous ou naviguez sur la carte. Vous pouvez charger votre initiative, projet ou programme via l&rsquo;option \u00abTELECHARGER NOUVEAU\u00bb.&nbsp;<\/p>\n","protected":false},"author":2,"featured_media":0,"parent":1006,"menu_order":0,"comment_status":"closed","ping_status":"closed","template":"page-initiatives.php","meta":{"footnotes":""},"_links":{"self":[{"href":"https:\/\/medblueconomyplatform.org\/fr\/wp-json\/wp\/v2\/pages\/1008"}],"collection":[{"href":"https:\/\/medblueconomyplatform.org\/fr\/wp-json\/wp\/v2\/pages"}],"about":[{"href":"https:\/\/medblueconomyplatform.org\/fr\/wp-json\/wp\/v2\/types\/page"}],"author":[{"embeddable":true,"href":"https:\/\/medblueconomyplatform.org\/fr\/wp-json\/wp\/v2\/users\/2"}],"replies":[{"embeddable":true,"href":"https:\/\/medblueconomyplatform.org\/fr\/wp-json\/wp\/v2\/comments?post=1008"}],"version-history":[{"count":2,"href":"https:\/\/medblueconomyplatform.org\/fr\/wp-json\/wp\/v2\/pages\/1008\/revisions"}],"predecessor-version":[{"id":2310,"href":"https:\/\/medblueconomyplatform.org\/fr\/wp-json\/wp\/v2\/pages\/1008\/revisions\/2310"}],"up":[{"embeddable":true,"href":"https:\/\/medblueconomyplatform.org\/fr\/wp-json\/wp\/v2\/pages\/1006"}],"wp:attachment":[{"href":"https:\/\/medblueconomyplatform.org\/fr\/wp-json\/wp\/v2\/media?parent=1008"}],"curies":[{"name":"wp","href":"https:\/\/api.w.org\/{rel}","templated":true}]}}