{"id":1010,"date":"2020-10-13T19:14:01","date_gmt":"2020-10-13T19:14:01","guid":{"rendered":"https:\/\/medblueconomyplatform.org\/?page_id=1010\/"},"modified":"2023-09-28T21:01:16","modified_gmt":"2023-09-28T21:01:16","slug":"parties-prenantes","status":"publish","type":"page","link":"https:\/\/medblueconomyplatform.org\/fr\/communaute-de-leconomie-bleue\/parties-prenantes\/","title":{"rendered":"Parties prenantes"},"content":{"rendered":"\n<p>Rechercher les organisations, les experts et les consultants du secteur priv\u00e9 ou public dans la r\u00e9gion m\u00e9diterran\u00e9enne et les autres r\u00e9gions c\u00f4ti\u00e8res. Vous pouvez charger votre profil personnel ou votre organisation via l&rsquo;option \u00abTELECHARGER NOUVEAU\u00bb.<\/p>\n","protected":false},"excerpt":{"rendered":"<p>Rechercher les organisations, les experts et les consultants du secteur priv\u00e9 ou public dans la r\u00e9gion m\u00e9diterran\u00e9enne et les autres r\u00e9gions c\u00f4ti\u00e8res. Vous pouvez charger votre profil personnel ou votre organisation via l&rsquo;option \u00abTELECHARGER NOUVEAU\u00bb.<\/p>\n","protected":false},"author":2,"featured_media":0,"parent":1006,"menu_order":0,"comment_status":"closed","ping_status":"closed","template":"page-stakeholders.php","meta":{"footnotes":""},"_links":{"self":[{"href":"https:\/\/medblueconomyplatform.org\/fr\/wp-json\/wp\/v2\/pages\/1010"}],"collection":[{"href":"https:\/\/medblueconomyplatform.org\/fr\/wp-json\/wp\/v2\/pages"}],"about":[{"href":"https:\/\/medblueconomyplatform.org\/fr\/wp-json\/wp\/v2\/types\/page"}],"author":[{"embeddable":true,"href":"https:\/\/medblueconomyplatform.org\/fr\/wp-json\/wp\/v2\/users\/2"}],"replies":[{"embeddable":true,"href":"https:\/\/medblueconomyplatform.org\/fr\/wp-json\/wp\/v2\/comments?post=1010"}],"version-history":[{"count":1,"href":"https:\/\/medblueconomyplatform.org\/fr\/wp-json\/wp\/v2\/pages\/1010\/revisions"}],"predecessor-version":[{"id":1011,"href":"https:\/\/medblueconomyplatform.org\/fr\/wp-json\/wp\/v2\/pages\/1010\/revisions\/1011"}],"up":[{"embeddable":true,"href":"https:\/\/medblueconomyplatform.org\/fr\/wp-json\/wp\/v2\/pages\/1006"}],"wp:attachment":[{"href":"https:\/\/medblueconomyplatform.org\/fr\/wp-json\/wp\/v2\/media?parent=1010"}],"curies":[{"name":"wp","href":"https:\/\/api.w.org\/{rel}","templated":true}]}}