{"id":1012,"date":"2020-10-13T19:15:07","date_gmt":"2020-10-13T19:15:07","guid":{"rendered":"https:\/\/medblueconomyplatform.org\/?page_id=1012\/"},"modified":"2023-09-28T21:03:19","modified_gmt":"2023-09-28T21:03:19","slug":"initiatives-partenaires","status":"publish","type":"page","link":"https:\/\/medblueconomyplatform.org\/fr\/communaute-de-leconomie-bleue\/initiatives-partenaires\/","title":{"rendered":"Initiatives Partenaires"},"content":{"rendered":"\n<p>D\u00e9couvrir les initiatives et les programmes pertinents en faveur de l\u2019\u00e9conomie bleue durable et la croissance bleue en M\u00e9diterran\u00e9e.<\/p>\n\n\n\n<div class=\"wp-block-columns is-layout-flex wp-container-3 wp-block-columns-is-layout-flex\">\n<div class=\"wp-block-column is-layout-flow wp-block-column-is-layout-flow\">\n<figure class=\"wp-block-image size-large\"><a href=\"http:\/\/www.bluemed-initiative.eu\" target=\"_blank\" rel=\"noopener noreferrer\"><img decoding=\"async\" loading=\"lazy\" width=\"300\" height=\"300\" src=\"http:\/\/medblueconomyplatform.org\/wp-content\/uploads\/2020\/07\/imagecover-for-advertising-c67202f203ba636d4a23.jpg\" alt=\"\" class=\"wp-image-515\" srcset=\"https:\/\/medblueconomyplatform.org\/wp-content\/uploads\/2020\/07\/imagecover-for-advertising-c67202f203ba636d4a23.jpg 300w, https:\/\/medblueconomyplatform.org\/wp-content\/uploads\/2020\/07\/imagecover-for-advertising-c67202f203ba636d4a23-150x150.jpg 150w, https:\/\/medblueconomyplatform.org\/wp-content\/uploads\/2020\/07\/imagecover-for-advertising-c67202f203ba636d4a23-100x100.jpg 100w\" sizes=\"(max-width: 300px) 100vw, 300px\" \/><\/a><figcaption class=\"wp-element-caption\"><a href=\"http:\/\/www.bluemed-initiative.eu\" target=\"_blank\" rel=\"noreferrer noopener\">BLUEMED<\/a><\/figcaption><\/figure>\n\n\n\n<figure class=\"wp-block-image size-large\"><a href=\"https:\/\/www.adriatic-ionian.eu\" target=\"_blank\" rel=\"noopener noreferrer\"><img decoding=\"async\" loading=\"lazy\" width=\"270\" height=\"187\" src=\"http:\/\/medblueconomyplatform.org\/wp-content\/uploads\/2020\/07\/LOGO_EUSAIR-STRATEGY.png\" alt=\"\" class=\"wp-image-373\"\/><\/a><figcaption class=\"wp-element-caption\"><a href=\"https:\/\/www.adriatic-ionian.eu\" target=\"_blank\" rel=\"noreferrer noopener\">EUSAIR<\/a><\/figcaption><\/figure>\n<\/div>\n\n\n\n<div class=\"wp-block-column is-layout-flow wp-block-column-is-layout-flow\">\n<figure class=\"wp-block-image size-large is-resized\"><a href=\"https:\/\/www.westmed-initiative.eu\" target=\"_blank\" rel=\"noopener noreferrer\"><img decoding=\"async\" loading=\"lazy\" src=\"http:\/\/medblueconomyplatform.org\/wp-content\/uploads\/2020\/07\/LOGO_WESTMED-BLUE-ECONOMY-INITIATIVE.png\" alt=\"\" class=\"wp-image-372\" style=\"width:170px;height:170px\" width=\"170\" height=\"170\" srcset=\"https:\/\/medblueconomyplatform.org\/wp-content\/uploads\/2020\/07\/LOGO_WESTMED-BLUE-ECONOMY-INITIATIVE.png 300w, https:\/\/medblueconomyplatform.org\/wp-content\/uploads\/2020\/07\/LOGO_WESTMED-BLUE-ECONOMY-INITIATIVE-150x150.png 150w, https:\/\/medblueconomyplatform.org\/wp-content\/uploads\/2020\/07\/LOGO_WESTMED-BLUE-ECONOMY-INITIATIVE-100x100.png 100w\" sizes=\"(max-width: 170px) 100vw, 170px\" \/><\/a><figcaption class=\"wp-element-caption\"><a href=\"https:\/\/www.westmed-initiative.eu\" target=\"_blank\" rel=\"noreferrer noopener\">WESTMED<\/a><\/figcaption><\/figure>\n<\/div>\n<\/div>\n\n\n\n<p><\/p>\n","protected":false},"excerpt":{"rendered":"<p>D\u00e9couvrir les initiatives et les programmes pertinents en faveur de l\u2019\u00e9conomie bleue durable et la croissance bleue en M\u00e9diterran\u00e9e.<\/p>\n","protected":false},"author":2,"featured_media":0,"parent":1006,"menu_order":3,"comment_status":"closed","ping_status":"closed","template":"","meta":{"footnotes":""},"_links":{"self":[{"href":"https:\/\/medblueconomyplatform.org\/fr\/wp-json\/wp\/v2\/pages\/1012"}],"collection":[{"href":"https:\/\/medblueconomyplatform.org\/fr\/wp-json\/wp\/v2\/pages"}],"about":[{"href":"https:\/\/medblueconomyplatform.org\/fr\/wp-json\/wp\/v2\/types\/page"}],"author":[{"embeddable":true,"href":"https:\/\/medblueconomyplatform.org\/fr\/wp-json\/wp\/v2\/users\/2"}],"replies":[{"embeddable":true,"href":"https:\/\/medblueconomyplatform.org\/fr\/wp-json\/wp\/v2\/comments?post=1012"}],"version-history":[{"count":2,"href":"https:\/\/medblueconomyplatform.org\/fr\/wp-json\/wp\/v2\/pages\/1012\/revisions"}],"predecessor-version":[{"id":2314,"href":"https:\/\/medblueconomyplatform.org\/fr\/wp-json\/wp\/v2\/pages\/1012\/revisions\/2314"}],"up":[{"embeddable":true,"href":"https:\/\/medblueconomyplatform.org\/fr\/wp-json\/wp\/v2\/pages\/1006"}],"wp:attachment":[{"href":"https:\/\/medblueconomyplatform.org\/fr\/wp-json\/wp\/v2\/media?parent=1012"}],"curies":[{"name":"wp","href":"https:\/\/api.w.org\/{rel}","templated":true}]}}