{"id":1014,"date":"2020-10-13T19:18:17","date_gmt":"2020-10-13T19:18:17","guid":{"rendered":"https:\/\/medblueconomyplatform.org\/?page_id=1014\/"},"modified":"2025-05-26T10:30:29","modified_gmt":"2025-05-26T10:30:29","slug":"financement-de-leconomie-bleue","status":"publish","type":"page","link":"https:\/\/medblueconomyplatform.org\/fr\/financement-de-leconomie-bleue\/","title":{"rendered":"Opportunit\u00e9s de Financement"},"content":{"rendered":"\n<p>Bienvenue dans la section des Opportunit\u00e9s de Financement. Vous y trouverez des organisations, des initiatives, des programmes et des appels \u00e0 projets sp\u00e9cifiques qui soutiennent et financent la diversification et le d\u00e9veloppement durable des \u00e9conomies maritimes en M\u00e9diterran\u00e9e. Cliquez sur les boutons pour en savoir plus.<\/p>\n\n\n\n<p><\/p>\n","protected":false},"excerpt":{"rendered":"<p>Bienvenue dans la section des Opportunit\u00e9s de Financement. Vous y trouverez des organisations, des initiatives, des programmes et des appels \u00e0 projets sp\u00e9cifiques qui soutiennent et financent la diversification et le d\u00e9veloppement durable des \u00e9conomies maritimes en M\u00e9diterran\u00e9e. Cliquez sur les boutons pour en savoir plus.<\/p>\n","protected":false},"author":2,"featured_media":0,"parent":0,"menu_order":0,"comment_status":"closed","ping_status":"closed","template":"","meta":{"footnotes":""},"_links":{"self":[{"href":"https:\/\/medblueconomyplatform.org\/fr\/wp-json\/wp\/v2\/pages\/1014"}],"collection":[{"href":"https:\/\/medblueconomyplatform.org\/fr\/wp-json\/wp\/v2\/pages"}],"about":[{"href":"https:\/\/medblueconomyplatform.org\/fr\/wp-json\/wp\/v2\/types\/page"}],"author":[{"embeddable":true,"href":"https:\/\/medblueconomyplatform.org\/fr\/wp-json\/wp\/v2\/users\/2"}],"replies":[{"embeddable":true,"href":"https:\/\/medblueconomyplatform.org\/fr\/wp-json\/wp\/v2\/comments?post=1014"}],"version-history":[{"count":4,"href":"https:\/\/medblueconomyplatform.org\/fr\/wp-json\/wp\/v2\/pages\/1014\/revisions"}],"predecessor-version":[{"id":3099,"href":"https:\/\/medblueconomyplatform.org\/fr\/wp-json\/wp\/v2\/pages\/1014\/revisions\/3099"}],"wp:attachment":[{"href":"https:\/\/medblueconomyplatform.org\/fr\/wp-json\/wp\/v2\/media?parent=1014"}],"curies":[{"name":"wp","href":"https:\/\/api.w.org\/{rel}","templated":true}]}}