{"id":1016,"date":"2020-10-13T19:23:04","date_gmt":"2020-10-13T19:23:04","guid":{"rendered":"https:\/\/medblueconomyplatform.org\/?page_id=1016\/"},"modified":"2023-09-28T21:05:12","modified_gmt":"2023-09-28T21:05:12","slug":"ressources","status":"publish","type":"page","link":"https:\/\/medblueconomyplatform.org\/fr\/ressources\/","title":{"rendered":"Ressources"},"content":{"rendered":"\n<p>Bienvenue \u00e0 la rubrique ressources. Vous trouverez ici des rapports, des manuels, des publications, des webinaires, des centres de recherche et des universit\u00e9s qui s\u2019int\u00e9ressent qux questions li\u00e9es \u00e0 l&rsquo;\u00e9conomie bleue. Vous trouverez \u00e9galement le flash info sur l&rsquo;\u00e9conomie bleue en M\u00e9diterran\u00e9e avec des actualit\u00e9s pertinentes.<\/p>\n\n\n\n<p><strong><strong>Biblioth\u00e8que<\/strong><br><\/strong>Vous pouvez trouver ici des rapports, des manuels et des publications sur l&rsquo;\u00c9conomie Bleue au niveau mondial, et plus particuli\u00e8rement en M\u00e9diterran\u00e9e.<\/p>\n\n\n\n<p><strong><strong>Bulletin&nbsp;d\u2019Information<\/strong><\/strong><br><\/p>\n\n\n\n<p>Bienvenue au flash info en ligne sur l&rsquo;\u00e9conomie bleue dans la r\u00e9gion m\u00e9diterran\u00e9enne!&nbsp;<\/p>\n\n\n\n<p>Vous trouverez les informations les plus r\u00e9centes relatives au travail de l&rsquo;UpM et ses partenaires afin de promouvoir l\u2019\u00e9conomie bleue dans la r\u00e9gion.&nbsp; Veuillez nous envoyer un courriel \u00e0 <a href=\"mailto:blueconomy@ufmsecretariat.org\" target=\"_blank\" rel=\"noreferrer noopener\">blueconomy@ufmsecretariat.org<\/a>&nbsp;pour les recevoir!&nbsp;<\/p>\n\n\n\n<p><strong><strong>Centres de Recherche et Universit\u00e9s<\/strong><\/strong><br>Vous trouverez ici une liste des centres de recherche et des universit\u00e9s fournissant les informations les plus r\u00e9centes sur l&rsquo;\u00e9conomie bleue en M\u00e9diterran\u00e9e.<\/p>\n\n\n\n<p><strong><strong>Ressources de formation<\/strong><\/strong><br>Dans cette section, vous trouverez les cours de formation et webinaires les plus r\u00e9cents sur l&rsquo;\u00c9conomie Bleue.<\/p>\n","protected":false},"excerpt":{"rendered":"<p>Bienvenue \u00e0 la rubrique ressources. Vous trouverez ici des rapports, des manuels, des publications, des webinaires, des centres de recherche et des universit\u00e9s qui s\u2019int\u00e9ressent qux questions li\u00e9es \u00e0 l&rsquo;\u00e9conomie bleue. Vous trouverez \u00e9galement le flash info sur l&rsquo;\u00e9conomie bleue en M\u00e9diterran\u00e9e avec des actualit\u00e9s pertinentes. Biblioth\u00e8queVous pouvez trouver ici des rapports, des manuels et &hellip; <\/p>\n<p class=\"link-more\"><a href=\"https:\/\/medblueconomyplatform.org\/fr\/ressources\/\" class=\"more-link\">Continuer la lecture<span class=\"screen-reader-text\"> de &laquo;&nbsp;Ressources&nbsp;&raquo;<\/span><\/a><\/p>\n","protected":false},"author":2,"featured_media":0,"parent":0,"menu_order":0,"comment_status":"closed","ping_status":"closed","template":"","meta":{"footnotes":""},"_links":{"self":[{"href":"https:\/\/medblueconomyplatform.org\/fr\/wp-json\/wp\/v2\/pages\/1016"}],"collection":[{"href":"https:\/\/medblueconomyplatform.org\/fr\/wp-json\/wp\/v2\/pages"}],"about":[{"href":"https:\/\/medblueconomyplatform.org\/fr\/wp-json\/wp\/v2\/types\/page"}],"author":[{"embeddable":true,"href":"https:\/\/medblueconomyplatform.org\/fr\/wp-json\/wp\/v2\/users\/2"}],"replies":[{"embeddable":true,"href":"https:\/\/medblueconomyplatform.org\/fr\/wp-json\/wp\/v2\/comments?post=1016"}],"version-history":[{"count":2,"href":"https:\/\/medblueconomyplatform.org\/fr\/wp-json\/wp\/v2\/pages\/1016\/revisions"}],"predecessor-version":[{"id":2317,"href":"https:\/\/medblueconomyplatform.org\/fr\/wp-json\/wp\/v2\/pages\/1016\/revisions\/2317"}],"wp:attachment":[{"href":"https:\/\/medblueconomyplatform.org\/fr\/wp-json\/wp\/v2\/media?parent=1016"}],"curies":[{"name":"wp","href":"https:\/\/api.w.org\/{rel}","templated":true}]}}