{"id":1020,"date":"2020-10-13T19:28:28","date_gmt":"2020-10-13T19:28:28","guid":{"rendered":"https:\/\/medblueconomyplatform.org\/?page_id=1020\/"},"modified":"2024-10-29T13:57:18","modified_gmt":"2024-10-29T13:57:18","slug":"bulletin-dinformation","status":"publish","type":"page","link":"https:\/\/medblueconomyplatform.org\/fr\/ressources\/bulletin-dinformation\/","title":{"rendered":"Bulletin d\u2019Information"},"content":{"rendered":"\n<p>Bienvenue au bulletin d\u2019information info en ligne sur l&rsquo;\u00e9conomie bleue dans la r\u00e9gion m\u00e9diterran\u00e9enne!&nbsp;<\/p>\n\n\n\n<p>Vous trouverez les informations les plus r\u00e9centes relatives au travail de l&rsquo;UpM et ses partenaires afin de promouvoir l\u2019\u00e9conomie bleue dans la r\u00e9gion.&nbsp;<\/p>\n\n\n\n<p>Nous vous invitons \u00e0 vous inscrire en cliquant <a href=\"https:\/\/medblueconomyplatform.org\/vkc\/register\/\">ici<\/a> ou \u00e0 nous envoyer un courriel \u00e0&nbsp;<a rel=\"noreferrer noopener\" href=\"mailto:blueconomy@ufmsecretariat.org\" target=\"_blank\">blueconomy@ufmsecretariat.org<\/a>&nbsp;pour les recevoir!&nbsp;<\/p>\n\n\n\n<hr class=\"wp-block-separator has-css-opacity\"\/>\n\n\n\n<div class=\"wp-block-columns is-layout-flex wp-container-3 wp-block-columns-is-layout-flex\">\n<div class=\"wp-block-column is-layout-flow wp-block-column-is-layout-flow\">\n<p><strong><strong>Blue Economy <strong>Bulletin d\u2019Information<\/strong><\/strong> 17th<\/strong>\u00a0Issue:<\/p>\n<\/div>\n\n\n\n<div class=\"wp-block-column is-layout-flow wp-block-column-is-layout-flow\">\n<p><a href=\"https:\/\/medblueconomyplatform.org\/wp-content\/uploads\/2024\/10\/Newsletter-October-2024_Issue-N-17_Final_EN.pdf\" target=\"_blank\" rel=\"noreferrer noopener\">English<\/a>\u00a0\u2013\u00a0<a href=\"https:\/\/medblueconomyplatform.org\/wp-content\/uploads\/2024\/10\/Newsletter-October-2024_Issue-N-17_Final_FR.pdf\" target=\"_blank\" rel=\"noreferrer noopener\">French\u00a0<\/a>\u2013\u00a0<a href=\"https:\/\/medblueconomyplatform.org\/wp-content\/uploads\/2024\/10\/Newsletter-October-2024_Issue-N-17_Final_AR.pdf\" target=\"_blank\" rel=\"noreferrer noopener\">Arabic<\/a><\/p>\n<\/div>\n<\/div>\n\n\n\n<div class=\"wp-block-columns is-layout-flex wp-container-6 wp-block-columns-is-layout-flex\">\n<div class=\"wp-block-column is-layout-flow wp-block-column-is-layout-flow\">\n<p><strong><strong>Blue Economy <strong>Bulletin d\u2019Information<\/strong><\/strong> 16th<\/strong>&nbsp;Issue:<\/p>\n<\/div>\n\n\n\n<div class=\"wp-block-column is-layout-flow wp-block-column-is-layout-flow\">\n<p><a href=\"https:\/\/medblueconomyplatform.org\/wp-content\/uploads\/2024\/04\/Newsletter-April-2024_Issue-N-16_Final_EN.pdf\" data-type=\"link\" data-id=\"https:\/\/medblueconomyplatform.org\/wp-content\/uploads\/2023\/10\/Newsletter-October-2023_Issue-N-15_Final_EN.pdf\" target=\"_blank\" rel=\"noreferrer noopener\">English&nbsp;<\/a>\u2013&nbsp;<a href=\"https:\/\/medblueconomyplatform.org\/wp-content\/uploads\/2024\/04\/Newsletter-April-2024_Issue-N-16_Final_FR.pdf\" target=\"_blank\" rel=\"noreferrer noopener\">French<\/a>\u2013&nbsp;<a href=\"https:\/\/medblueconomyplatform.org\/wp-content\/uploads\/2024\/04\/Newsletter-April-2024_Issue-N-16_Final_AR.pdf\" data-type=\"link\" data-id=\"https:\/\/medblueconomyplatform.org\/wp-content\/uploads\/2023\/10\/Newsletter-October-2023_Issue-N-15_Final_AR.pdf\" target=\"_blank\" rel=\"noreferrer noopener\">Arabic<\/a><\/p>\n<\/div>\n<\/div>\n\n\n\n<div class=\"wp-block-columns is-layout-flex wp-container-9 wp-block-columns-is-layout-flex\">\n<div class=\"wp-block-column is-layout-flow wp-block-column-is-layout-flow\">\n<p><strong>Blue Economy <strong>Bulletin d\u2019Information<\/strong> 15th<\/strong>&nbsp;Issue:<\/p>\n<\/div>\n\n\n\n<div class=\"wp-block-column is-layout-flow wp-block-column-is-layout-flow\">\n<p><a href=\"https:\/\/medblueconomyplatform.org\/wp-content\/uploads\/2023\/10\/Newsletter-October-2023_Issue-N-15_Final_EN.pdf\" data-type=\"link\" data-id=\"https:\/\/medblueconomyplatform.org\/wp-content\/uploads\/2023\/10\/Newsletter-October-2023_Issue-N-15_Final_EN.pdf\" target=\"_blank\" rel=\"noreferrer noopener\">English&nbsp;<\/a>\u2013&nbsp;<a href=\"https:\/\/medblueconomyplatform.org\/wp-content\/uploads\/2023\/10\/Newsletter-October-2023_Issue-N-15_Final_FR.pdf\" target=\"_blank\" rel=\"noreferrer noopener\">French<\/a>\u2013&nbsp;<a href=\"https:\/\/medblueconomyplatform.org\/wp-content\/uploads\/2023\/10\/Newsletter-October-2023_Issue-N-15_Final_AR.pdf\" data-type=\"link\" data-id=\"https:\/\/medblueconomyplatform.org\/wp-content\/uploads\/2023\/10\/Newsletter-October-2023_Issue-N-15_Final_AR.pdf\" target=\"_blank\" rel=\"noreferrer noopener\">Arabic<\/a><\/p>\n<\/div>\n<\/div>\n\n\n\n<div class=\"wp-block-columns is-layout-flex wp-container-12 wp-block-columns-is-layout-flex\">\n<div class=\"wp-block-column is-layout-flow wp-block-column-is-layout-flow\">\n<p><strong><strong>Blue Economy <strong>Bulletin d\u2019Information<\/strong><\/strong> 14th<\/strong>&nbsp;Issue:<\/p>\n<\/div>\n\n\n\n<div class=\"wp-block-column is-layout-flow wp-block-column-is-layout-flow\">\n<p><a href=\"https:\/\/medblueconomyplatform.org\/wp-content\/uploads\/2023\/04\/Newsletter-April-2023_Issue-N-14_Final_EN.pdf\" target=\"_blank\" rel=\"noreferrer noopener\">English<\/a>&nbsp;\u2013&nbsp;<a href=\"https:\/\/medblueconomyplatform.org\/wp-content\/uploads\/2023\/04\/Newsletter-April-2023_Issue-N-14_Final_FR.pdf\" target=\"_blank\" rel=\"noreferrer noopener\">French&nbsp;<\/a>\u2013&nbsp;<a href=\"https:\/\/medblueconomyplatform.org\/wp-content\/uploads\/2023\/04\/Newsletter-April-2023_Issue-N-14_Final_AR.pdf\" target=\"_blank\" rel=\"noreferrer noopener\">Arabic<\/a><\/p>\n<\/div>\n<\/div>\n\n\n\n<div class=\"wp-block-columns is-layout-flex wp-container-15 wp-block-columns-is-layout-flex\">\n<div class=\"wp-block-column is-layout-flow wp-block-column-is-layout-flow\">\n<p><strong>Blue Economy <strong>Bulletin d\u2019Information<\/strong> 13th<\/strong>&nbsp;Issue:<\/p>\n\n\n\n<p><strong>Blue Economy&nbsp;<strong>Bulletin d\u2019Information<\/strong>&nbsp;12th<\/strong>&nbsp;Issue:<\/p>\n\n\n\n<p><strong>Blue Economy&nbsp;<strong>Bulletin d\u2019Information<\/strong>&nbsp;11th<\/strong>&nbsp;Issue:<\/p>\n<\/div>\n\n\n\n<div class=\"wp-block-column is-layout-flow wp-block-column-is-layout-flow\">\n<p><a rel=\"noreferrer noopener\" href=\"https:\/\/medblueconomyplatform.org\/wp-content\/uploads\/2022\/10\/FlashnewsOctober2022_IssueN13_Final_EN.pdf\" target=\"_blank\">English<\/a>&nbsp;\u2013&nbsp;<a rel=\"noreferrer noopener\" href=\"https:\/\/medblueconomyplatform.org\/wp-content\/uploads\/2022\/10\/FlashnewsOctober2022_IssueN13_Final_FR.pdf\" target=\"_blank\">French&nbsp;<\/a>\u2013&nbsp;<a rel=\"noreferrer noopener\" href=\"https:\/\/medblueconomyplatform.org\/wp-content\/uploads\/2022\/10\/FlashnewsOctober2022_IssueN13_Final_AR.pdf\" target=\"_blank\">Arabic<\/a><\/p>\n\n\n\n<p><a rel=\"noreferrer noopener\" href=\"https:\/\/medblueconomyplatform.org\/wp-content\/uploads\/2022\/04\/FlashnewsApril_2022_IssueN12_EN_Final_25042022.pdf\" target=\"_blank\">English<\/a>&nbsp;\u2013&nbsp;<a rel=\"noreferrer noopener\" href=\"https:\/\/medblueconomyplatform.org\/wp-content\/uploads\/2022\/04\/FlashnewsApril_2022_IssueN12_FR_Final_25042022.pdf\" target=\"_blank\">French&nbsp;<\/a>\u2013&nbsp;<a rel=\"noreferrer noopener\" href=\"https:\/\/medblueconomyplatform.org\/wp-content\/uploads\/2022\/04\/FlashnewsApril_2022_IssueN12_AR_Final_26042022.pdf\" target=\"_blank\">Arabic<\/a><\/p>\n\n\n\n<p><a rel=\"noreferrer noopener\" href=\"http:\/\/medblueconomyplatform.org\/wp-content\/uploads\/2021\/09\/Flashnews%20October_2021_Issue%20N%2011_EN_Final.pdf\" target=\"_blank\">English<\/a>&nbsp;\u2013&nbsp;<a rel=\"noreferrer noopener\" href=\"http:\/\/medblueconomyplatform.org\/wp-content\/uploads\/2021\/09\/Flashnews%20October_2021_Issue%20N%2011_FR_Final.pdf\" target=\"_blank\">French<\/a>&nbsp;\u2013&nbsp;<a rel=\"noreferrer noopener\" href=\"http:\/\/medblueconomyplatform.org\/wp-content\/uploads\/2021\/09\/Flashnews%20October_2021_Issue%20N%2011_AR_Final.pdf\" target=\"_blank\">Arabic<\/a><\/p>\n<\/div>\n<\/div>\n\n\n\n<div class=\"wp-block-columns is-layout-flex wp-container-18 wp-block-columns-is-layout-flex\">\n<div class=\"wp-block-column is-layout-flow wp-block-column-is-layout-flow\">\n<p><strong>Blue Economy&nbsp;<strong>Bulletin d\u2019Information<\/strong>&nbsp;10th<\/strong>&nbsp;Issue:<\/p>\n<\/div>\n\n\n\n<div class=\"wp-block-column is-layout-flow wp-block-column-is-layout-flow\">\n<p><a rel=\"noreferrer noopener\" href=\"http:\/\/medblueconomyplatform.org\/wp-content\/uploads\/2021\/04\/20210429_Flashnews%20April_2021_Issue%20N%2010_EN.pdf\" target=\"_blank\">English<\/a>&nbsp;\u2013&nbsp;<a rel=\"noreferrer noopener\" href=\"http:\/\/medblueconomyplatform.org\/wp-content\/uploads\/2021\/04\/20210429_Flashnews%20April_2021_Issue%20N%2010_FR.pdf\" target=\"_blank\">French<\/a>&nbsp;\u2013&nbsp;<a rel=\"noreferrer noopener\" href=\"http:\/\/medblueconomyplatform.org\/wp-content\/uploads\/2021\/04\/20210429_Flashnews%20April_2021_Issue%20N%2010_AR.pdf\" target=\"_blank\">Arabic<\/a><\/p>\n<\/div>\n<\/div>\n\n\n\n<div class=\"wp-block-columns is-layout-flex wp-container-21 wp-block-columns-is-layout-flex\">\n<div class=\"wp-block-column is-layout-flow wp-block-column-is-layout-flow\">\n<p><strong>Blue Economy&nbsp;<strong>Bulletin d\u2019Information<\/strong>&nbsp;9th<\/strong>&nbsp;Issue:<\/p>\n<\/div>\n\n\n\n<div class=\"wp-block-column is-layout-flow wp-block-column-is-layout-flow\">\n<p><a rel=\"noreferrer noopener\" href=\"https:\/\/medblueconomyplatform.org\/wp-content\/uploads\/2020\/10\/20201008_Flashnews_October_2020_IssueN9_EN.pdf\" target=\"_blank\">English<\/a>&nbsp;\u2013&nbsp;<a rel=\"noreferrer noopener\" href=\"https:\/\/medblueconomyplatform.org\/wp-content\/uploads\/2020\/10\/20201008_Flashnews_October_2020_IssueN9_FR.pdf\" target=\"_blank\">French<\/a>&nbsp;\u2013&nbsp;<a rel=\"noreferrer noopener\" href=\"https:\/\/medblueconomyplatform.org\/wp-content\/uploads\/2020\/10\/20201008_Flashnews_October_2020_IssueN9_AR.pdf\" target=\"_blank\">Arabic<\/a><\/p>\n<\/div>\n<\/div>\n\n\n\n<div class=\"wp-block-columns is-layout-flex wp-container-24 wp-block-columns-is-layout-flex\">\n<div class=\"wp-block-column is-layout-flow wp-block-column-is-layout-flow\">\n<p><strong>Blue Economy Bulletin d\u2019Information 8th<\/strong>&nbsp;Issue:<\/p>\n<\/div>\n\n\n\n<div class=\"wp-block-column is-layout-flow wp-block-column-is-layout-flow\">\n<p><a href=\"http:\/\/www.medblueconomyplatform.org\/wp-content\/uploads\/2020\/04\/20200423_BEFlashNewsApril2020_IssueN8th_EN.pdf\">English<\/a>&nbsp;\u2013&nbsp;<a href=\"http:\/\/www.medblueconomyplatform.org\/wp-content\/uploads\/2020\/04\/20200423_BEFlashNewsApril2020_IssueN8th_FR.pdf\">French<\/a>&nbsp;\u2013&nbsp;<a href=\"http:\/\/www.medblueconomyplatform.org\/wp-content\/uploads\/2020\/04\/20200423_BE_FlashNewsApril2020_IssueN8th_AR.pdf\">Arabic<\/a><\/p>\n<\/div>\n<\/div>\n\n\n\n<div class=\"wp-block-columns is-layout-flex wp-container-27 wp-block-columns-is-layout-flex\">\n<div class=\"wp-block-column is-layout-flow wp-block-column-is-layout-flow\">\n<p><strong>Blue Economy Bulletin d\u2019Information 7th<\/strong>&nbsp;Issue:<\/p>\n<\/div>\n\n\n\n<div class=\"wp-block-column is-layout-flow wp-block-column-is-layout-flow\">\n<p><a href=\"http:\/\/www.medblueconomyplatform.org\/wp-content\/uploads\/2019\/12\/BlueEconomyFlashNews_7thIssue_EN.pdf\">English<\/a>&nbsp;\u2013&nbsp;<a href=\"http:\/\/www.medblueconomyplatform.org\/wp-content\/uploads\/2019\/12\/BlueEconomyFlashNews_7thIssue_FR.pdf\">French<\/a>&nbsp;\u2013&nbsp;<a href=\"http:\/\/www.medblueconomyplatform.org\/wp-content\/uploads\/2019\/12\/Blue-Economy-Flash-News_7th-Issue_AR-1.pdf\">Arabic<\/a><\/p>\n<\/div>\n<\/div>\n\n\n\n<div class=\"wp-block-columns is-layout-flex wp-container-30 wp-block-columns-is-layout-flex\">\n<div class=\"wp-block-column is-layout-flow wp-block-column-is-layout-flow\">\n<p><strong>Blue Economy Bulletin d\u2019Information<\/strong> <strong>6th<\/strong>&nbsp;Issue:<\/p>\n<\/div>\n\n\n\n<div class=\"wp-block-column is-layout-flow wp-block-column-is-layout-flow\">\n<p><a href=\"http:\/\/www.medblueconomyplatform.org\/wp-content\/uploads\/2019\/06\/Blue-Economy-Flash-News_6th-Issue_EN.pdf\">English<\/a>&nbsp;\u2013&nbsp;<a href=\"http:\/\/www.medblueconomyplatform.org\/wp-content\/uploads\/2019\/06\/Blue-Economy-Flash-News_6th-Issue_FR.pdf\">French<\/a>&nbsp;\u2013&nbsp;<a href=\"http:\/\/www.medblueconomyplatform.org\/wp-content\/uploads\/2019\/06\/Blue-Economy-Flash-News_6th-Issue_AR.pdf\">Arabic<\/a><\/p>\n<\/div>\n<\/div>\n\n\n\n<div class=\"wp-block-columns is-layout-flex wp-container-33 wp-block-columns-is-layout-flex\">\n<div class=\"wp-block-column is-layout-flow wp-block-column-is-layout-flow\">\n<p><strong>Blue Economy Bulletin d\u2019Information 5th<\/strong>&nbsp;Issue<\/p>\n<\/div>\n\n\n\n<div class=\"wp-block-column is-layout-flow wp-block-column-is-layout-flow\">\n<p><a href=\"http:\/\/www.medblueconomyplatform.org\/wp-content\/uploads\/2019\/07\/Blue-Economy-Flash-News_5th-Issue_EN.pdf\">English<\/a>&nbsp;\u2013&nbsp;<a href=\"http:\/\/www.medblueconomyplatform.org\/wp-content\/uploads\/2019\/07\/Blue-Economy-Flash-News_5th-Issue_FR.pdf\">French<\/a>&nbsp;\u2013&nbsp;<a href=\"http:\/\/www.medblueconomyplatform.org\/wp-content\/uploads\/2019\/07\/Blue-Economy-Flash-News_5th-Issue_AR.pdf\">Arabic<\/a><\/p>\n<\/div>\n<\/div>\n\n\n\n<div class=\"wp-block-columns is-layout-flex wp-container-36 wp-block-columns-is-layout-flex\">\n<div class=\"wp-block-column is-layout-flow wp-block-column-is-layout-flow\">\n<p><strong>Blue Economy Bulletin d\u2019Information 4th<\/strong>&nbsp;Issue:<\/p>\n<\/div>\n\n\n\n<div class=\"wp-block-column is-layout-flow wp-block-column-is-layout-flow\">\n<p><a href=\"http:\/\/www.medblueconomyplatform.org\/wp-content\/uploads\/2019\/07\/Blue-Economy-Flash-News_4th-Issue_EN.pdf\">English<\/a>&nbsp;\u2013&nbsp;<a href=\"http:\/\/www.medblueconomyplatform.org\/wp-content\/uploads\/2019\/07\/Blue-Economy-Flash-News_4th-Issue_FR.pdf\">French<\/a><\/p>\n<\/div>\n<\/div>\n\n\n\n<div class=\"wp-block-columns is-layout-flex wp-container-39 wp-block-columns-is-layout-flex\">\n<div class=\"wp-block-column is-layout-flow wp-block-column-is-layout-flow\">\n<p><strong>Blue Economy Bulletin d\u2019Information 3rd<\/strong>&nbsp;Issue:<\/p>\n<\/div>\n\n\n\n<div class=\"wp-block-column is-layout-flow wp-block-column-is-layout-flow\">\n<p><a href=\"http:\/\/www.medblueconomyplatform.org\/wp-content\/uploads\/2019\/07\/Blue-Economy-Flash-News_3rd-Issue_EN.pdf\">English<\/a><\/p>\n<\/div>\n<\/div>\n\n\n\n<div class=\"wp-block-columns is-layout-flex wp-container-42 wp-block-columns-is-layout-flex\">\n<div class=\"wp-block-column is-layout-flow wp-block-column-is-layout-flow\">\n<p><strong>Blue Economy Bulletin d\u2019Information 2nd<\/strong>&nbsp;Issue:<\/p>\n<\/div>\n\n\n\n<div class=\"wp-block-column is-layout-flow wp-block-column-is-layout-flow\">\n<p><a href=\"http:\/\/www.medblueconomyplatform.org\/wp-content\/uploads\/2019\/07\/Blue-Economy-Flash-News_2nd-Issue_EN.pdf\">English<\/a><\/p>\n<\/div>\n<\/div>\n\n\n\n<div class=\"wp-block-columns is-layout-flex wp-container-45 wp-block-columns-is-layout-flex\">\n<div class=\"wp-block-column is-layout-flow wp-block-column-is-layout-flow\">\n<p><strong>Blue Economy Bulletin d\u2019Information 1st<\/strong>&nbsp;Issue:<\/p>\n<\/div>\n\n\n\n<div class=\"wp-block-column is-layout-flow wp-block-column-is-layout-flow\">\n<p><a href=\"http:\/\/www.medblueconomyplatform.org\/wp-content\/uploads\/2019\/07\/Blue-Economy-Flash-News_1st-Issue_ENG.pdf\">English<\/a>&nbsp;\u2013&nbsp;<a href=\"http:\/\/www.medblueconomyplatform.org\/wp-content\/uploads\/2019\/07\/Blue-Economy-Flash-News_1st-Issue_FR.pdf\">French<\/a>&nbsp;\u2013&nbsp;<a href=\"http:\/\/www.medblueconomyplatform.org\/wp-content\/uploads\/2019\/07\/Blue-Economy-Flash-News_1st-Issue_AR.pdf\">Arabic<\/a><\/p>\n<\/div>\n<\/div>\n\n\n\n<p><\/p>\n","protected":false},"excerpt":{"rendered":"<p>Bienvenue au bulletin d\u2019information info en ligne sur l&rsquo;\u00e9conomie bleue dans la r\u00e9gion m\u00e9diterran\u00e9enne!&nbsp; Vous trouverez les informations les plus r\u00e9centes relatives au travail de l&rsquo;UpM et ses partenaires afin de promouvoir l\u2019\u00e9conomie bleue dans la r\u00e9gion.&nbsp; Nous vous invitons \u00e0 vous inscrire en cliquant ici ou \u00e0 nous envoyer un courriel \u00e0&nbsp;blueconomy@ufmsecretariat.org&nbsp;pour les recevoir!&nbsp; &hellip; <\/p>\n<p class=\"link-more\"><a href=\"https:\/\/medblueconomyplatform.org\/fr\/ressources\/bulletin-dinformation\/\" class=\"more-link\">Continuer la lecture<span class=\"screen-reader-text\"> de &laquo;&nbsp;Bulletin d\u2019Information&nbsp;&raquo;<\/span><\/a><\/p>\n","protected":false},"author":2,"featured_media":0,"parent":1016,"menu_order":2,"comment_status":"closed","ping_status":"closed","template":"","meta":{"footnotes":""},"_links":{"self":[{"href":"https:\/\/medblueconomyplatform.org\/fr\/wp-json\/wp\/v2\/pages\/1020"}],"collection":[{"href":"https:\/\/medblueconomyplatform.org\/fr\/wp-json\/wp\/v2\/pages"}],"about":[{"href":"https:\/\/medblueconomyplatform.org\/fr\/wp-json\/wp\/v2\/types\/page"}],"author":[{"embeddable":true,"href":"https:\/\/medblueconomyplatform.org\/fr\/wp-json\/wp\/v2\/users\/2"}],"replies":[{"embeddable":true,"href":"https:\/\/medblueconomyplatform.org\/fr\/wp-json\/wp\/v2\/comments?post=1020"}],"version-history":[{"count":10,"href":"https:\/\/medblueconomyplatform.org\/fr\/wp-json\/wp\/v2\/pages\/1020\/revisions"}],"predecessor-version":[{"id":2891,"href":"https:\/\/medblueconomyplatform.org\/fr\/wp-json\/wp\/v2\/pages\/1020\/revisions\/2891"}],"up":[{"embeddable":true,"href":"https:\/\/medblueconomyplatform.org\/fr\/wp-json\/wp\/v2\/pages\/1016"}],"wp:attachment":[{"href":"https:\/\/medblueconomyplatform.org\/fr\/wp-json\/wp\/v2\/media?parent=1020"}],"curies":[{"name":"wp","href":"https:\/\/api.w.org\/{rel}","templated":true}]}}