{"id":1022,"date":"2020-10-13T19:30:31","date_gmt":"2020-10-13T19:30:31","guid":{"rendered":"https:\/\/medblueconomyplatform.org\/?page_id=1022\/"},"modified":"2023-09-28T21:08:04","modified_gmt":"2023-09-28T21:08:04","slug":"centres-de-recherche-et-universites","status":"publish","type":"page","link":"https:\/\/medblueconomyplatform.org\/fr\/ressources\/centres-de-recherche-et-universites\/","title":{"rendered":"Centres de Recherche et Universit\u00e9s"},"content":{"rendered":"\n<p>Vous trouverez ici une liste des centres de recherche et des universit\u00e9s fournissant les informations les plus r\u00e9centes sur l&rsquo;\u00e9conomie bleue en M\u00e9diterran\u00e9e.<\/p>\n","protected":false},"excerpt":{"rendered":"<p>Vous trouverez ici une liste des centres de recherche et des universit\u00e9s fournissant les informations les plus r\u00e9centes sur l&rsquo;\u00e9conomie bleue en M\u00e9diterran\u00e9e.<\/p>\n","protected":false},"author":2,"featured_media":0,"parent":1016,"menu_order":3,"comment_status":"closed","ping_status":"closed","template":"page-research-centers-and-universities.php","meta":{"footnotes":""},"_links":{"self":[{"href":"https:\/\/medblueconomyplatform.org\/fr\/wp-json\/wp\/v2\/pages\/1022"}],"collection":[{"href":"https:\/\/medblueconomyplatform.org\/fr\/wp-json\/wp\/v2\/pages"}],"about":[{"href":"https:\/\/medblueconomyplatform.org\/fr\/wp-json\/wp\/v2\/types\/page"}],"author":[{"embeddable":true,"href":"https:\/\/medblueconomyplatform.org\/fr\/wp-json\/wp\/v2\/users\/2"}],"replies":[{"embeddable":true,"href":"https:\/\/medblueconomyplatform.org\/fr\/wp-json\/wp\/v2\/comments?post=1022"}],"version-history":[{"count":1,"href":"https:\/\/medblueconomyplatform.org\/fr\/wp-json\/wp\/v2\/pages\/1022\/revisions"}],"predecessor-version":[{"id":1023,"href":"https:\/\/medblueconomyplatform.org\/fr\/wp-json\/wp\/v2\/pages\/1022\/revisions\/1023"}],"up":[{"embeddable":true,"href":"https:\/\/medblueconomyplatform.org\/fr\/wp-json\/wp\/v2\/pages\/1016"}],"wp:attachment":[{"href":"https:\/\/medblueconomyplatform.org\/fr\/wp-json\/wp\/v2\/media?parent=1022"}],"curies":[{"name":"wp","href":"https:\/\/api.w.org\/{rel}","templated":true}]}}