{"id":1026,"date":"2020-10-13T19:41:40","date_gmt":"2020-10-13T19:41:40","guid":{"rendered":"https:\/\/medblueconomyplatform.org\/?page_id=1026\/"},"modified":"2023-09-28T21:22:54","modified_gmt":"2023-09-28T21:22:54","slug":"faqs","status":"publish","type":"page","link":"https:\/\/medblueconomyplatform.org\/fr\/faqs\/","title":{"rendered":"FAQs"},"content":{"rendered":"\n<h2 class=\"wp-block-heading\"><\/h2>\n\n\n\n<h4 class=\"wp-block-heading\">&nbsp;<strong>Qu&rsquo;est-ce que c&rsquo;est le MedBESP m\u00e9diterran\u00e9en et pourquoi devrais-je l&rsquo;utiliser?<\/strong><\/h4>\n\n\n\n<p>La Plateforme M\u00e9diterran\u00e9enne des Acteurs de l\u2019\u00c9conomie Bleue (MedBESP) \u2013 Centre Virtuel de Connaissance pr\u00e9c\u00e9demment \u2013 est une plateforme r\u00e9gionale de r\u00e9seautage pour partager les connaissances et soutenir le d\u00e9veloppement de l\u2019\u00e9conomie bleue. Elle peut \u00eatre d\u00e9finie comme un \u00abpoint de rencontre\/portail web en ligne permettant la consolidation et le partage d\u2019informations g\u00e9n\u00e9rales, techniques et sectorielles en lien avec les affaires marines et maritimes en M\u00e9diterran\u00e9e\u00bb.<\/p>\n\n\n\n<h4 class=\"wp-block-heading has-text-align-center\"><strong><a href=\"https:\/\/medblueconomyplatform.org\/wp-content\/uploads\/2022\/04\/20220324_MedBESP_UsersGuide_Final_FR.pdf\" target=\"_blank\" rel=\"noreferrer noopener\">Lisez notre \u00ab\u00a0Guide rapide d&rsquo;utilisation et d&rsquo;accueil\u00a0\u00bb pour tirer le meilleur parti de MedBESP<\/a><\/strong><\/h4>\n\n\n\n<h4 class=\"wp-block-heading\">&nbsp;<strong>Le MedBESP et la \u00abCommunaut\u00e9 de l&rsquo;\u00c9conomie Bleue\u00bb?<\/strong><\/h4>\n\n\n\n<p>L\u2019objectif ultime est de contribuer au d\u00e9veloppement d\u2019une Communaut\u00e9 interactive de l\u2019\u00c9conomie Bleue. Pour \u00e9tablir la \u00abCommunaut\u00e9 de l\u2019\u00c9conomie Bleue\u00bb, les utilisateurs de MedBESP sont invit\u00e9s \u00e0 t\u00e9l\u00e9charger\/transf\u00e9rer les initiatives existantes ou pr\u00e9vues et\/ou s\u2019inscrire en tant qu\u2019\u00abparties prenantes\u00bb de l\u2019\u00e9conomie bleue.<\/p>\n\n\n\n<h4 class=\"wp-block-heading\">&nbsp;<strong>Comment puis-je faire partie de la \u00abCommunaut\u00e9 de l&rsquo;\u00c9conomie Bleue\u00bb?<\/strong><\/h4>\n\n\n\n<p>Une fois vous serez inscrits \u00e0 MedBESP via notre <a href=\"https:\/\/medblueconomyplatform.org\/fr\/vkc\/register\/\" target=\"_blank\" rel=\"noreferrer noopener\">page d\u2019accueil<\/a>, vous recevrez deux e-mails automatiques* vous invitant a :<\/p>\n\n\n\n<p><br>     1) <strong>Confirmez votre compte.<\/strong><br>     2) <strong>Compl\u00e9ter votre profil:<\/strong> Vous serez invit\u00e9 \u00e0 compl\u00e9ter votre inscription en rejoignant la Communaut\u00e9 de l\u2019\u00e9conomie bleue en tant <a rel=\"noreferrer noopener\" href=\"https:\/\/medblueconomyplatform.org\/fr\/communaute-de-leconomie-bleue\/initiatives\/\" target=\"_blank\">qu\u2019initiative<\/a> (pour les programmes, projets et initiatives) ou bien en tant que <a rel=\"noreferrer noopener\" href=\"https:\/\/medblueconomyplatform.org\/fr\/communaute-de-leconomie-bleue\/parties-prenantes\/\" target=\"_blank\">partie prenante<\/a> (organisations et experts \/ consultants individuels).<\/p>\n\n\n\n<p><br>(*N\u2019oubliez pas de regarder vos dossiers Spam !)<br><\/p>\n\n\n\n<h4 class=\"wp-block-heading\">Puis-je contacter quelqu\u2019un si j\u2019ai besoin d\u2019aide ou si je souhaite plus d\u2019informations?<\/h4>\n\n\n\n<p>Oui, n\u2019h\u00e9sitez pas \u00e0 nous joindre ici : <a rel=\"noreferrer noopener\" href=\"mailto:blueconomy@ufmsecretariat.org\" target=\"_blank\">blueconomy@ufmsecretariat.org<\/a><br>Nous vous r\u00e9pondrons dans les plus brefs d\u00e9lais.<\/p>\n\n\n\n<h4 class=\"wp-block-heading\">&nbsp;<strong>Qui g\u00e8re le MedBESP?<\/strong><\/h4>\n\n\n\n<p>Le MedBESP, d\u00e9velopp\u00e9 par la Commission Europ\u00e9enne (DG Affaires maritimes et P\u00eache), est actuellement g\u00e9r\u00e9 par le Secr\u00e9tariat de l&rsquo;Union pour la M\u00e9diterran\u00e9e (UpM) <a href=\"http:\/\/ufmsecretariat.org\/\" target=\"_blank\" rel=\"noreferrer noopener\">http:\/\/ufmsecretariat.org\/<\/a>.&nbsp;<\/p>\n\n\n\n<h4 class=\"wp-block-heading\">&nbsp;<strong>Comment se d\u00e9sinscrire?<\/strong><\/h4>\n\n\n\n<p>Vous pouvez vous d\u00e9sinscrire \u00e0 tout moment en envoyant simplement un courriel \u00e0&nbsp;<a href=\"mailto:blueconomy@ufmsecretariat.org\" target=\"_blank\" rel=\"noreferrer noopener\">blueconomy@ufmsecretariat.org<\/a>&nbsp;ou en vous connectant \u00e0 votre compte et cliquer sur l\u2019option \u00abSe d\u00e9sinscrire\u00bb dans la section \u00abProfil\u00bb.&nbsp;<\/p>\n\n\n\n<h4 class=\"wp-block-heading\">&nbsp;<strong>Est-ce que je peux t\u00e9l\u00e9charger une information dans n\u2019importe quelle langue?&nbsp;<\/strong><\/h4>\n\n\n\n<p>Comme vous pouvez le constater, la structure g\u00e9n\u00e9rale du MedBESP a \u00e9t\u00e9 con\u00e7ue en anglais, fran\u00e7ais et arabe. Cependant, les contributions individuelles (par exemple les actualit\u00e9s et\/ou les \u00e9v\u00e9nements) doivent \u00eatre charg\u00e9es\/transf\u00e9r\u00e9es en anglais. Vous pouvez \u00e9galement envoyer votre contribution en fran\u00e7ais ou en arabe (100 mots max.) \u00e0 <a href=\"mailto:blueconomy@ufmsecretariat.org\" target=\"_blank\" rel=\"noreferrer noopener\">blueconomy@ufmsecretariat.org<\/a>, et elle sera r\u00e9sum\u00e9e en anglais et ajout\u00e9e \u00e0 la plateforme.&nbsp;<\/p>\n\n\n\n<h4 class=\"wp-block-heading\"><strong>Y\u2019a-t-il d&rsquo;autres conditions ou limitations? Combien de temps faut-il pour transf\u00e9rer\/t\u00e9l\u00e9charger de l\u2019information? Est-ce que je peux transf\u00e9rer\/t\u00e9l\u00e9charger des fichiers en tant qu&rsquo;information et, si oui, quel type de fichiers?<\/strong><\/h4>\n\n\n\n<p>L\u2019information transf\u00e9r\u00e9e\/t\u00e9l\u00e9charg\u00e9e sera \u00e9valu\u00e9e dans les plus brefs d\u00e9lais avant sa publication. Merci de bien noter que MedBESP ne publiera rien qui soit :<\/p>\n\n\n\n<ol type=\"i\">\n<li>sans rapport avec la promotion de l\u2019\u00e9conomie bleue durable dans la r\u00e9gion m\u00e9diterran\u00e9enne;&nbsp;<\/li>\n\n\n\n<li>directement ou indirectement en lien avec les partis ou les groupes politiques ainsi qu&rsquo;avec tout type d&rsquo;activit\u00e9 commerciale;<\/li>\n\n\n\n<li>en langage agressif ou irrespectueux envers la nationalit\u00e9, l\u2019origine ethnique, la race, le sexe, l\u2019orientation sexuelle ou la religion des autres utilisateurs;&nbsp;<\/li>\n\n\n\n<li>susceptible de porter atteinte au fonctionnement des organisations ou d\u2019envahir la vie priv\u00e9e des individus.&nbsp;<\/li>\n<\/ol>\n\n\n\n<h4 class=\"wp-block-heading\">&nbsp;<strong>Puis-je fournir des r\u00e9actions et commentaires ou signaler un contenu erron\u00e9 ou incorrect?&nbsp;<\/strong><\/h4>\n\n\n\n<p>Vous pouvez fournir des r\u00e9actions et commentaires ou signaler un contenu en envoyant un courriel \u00e0&nbsp;<a href=\"mailto:blueconomy@ufmsecretariat.org\" target=\"_blank\" rel=\"noreferrer noopener\">blueconomy@ufmsecretariat.org<\/a>.&nbsp;<\/p>\n\n\n\n<h4 class=\"wp-block-heading\">&nbsp;<strong>Puis-je entrer en contact avec un autre utilisateur de MedBESP?<\/strong><\/h4>\n\n\n\n<p>Oui, un espace priv\u00e9 pour contacter la personne qui a transf\u00e9r\u00e9\/t\u00e9l\u00e9charg\u00e9 une nouvelle ou un \u00e9v\u00e9nement est disponible via le syst\u00e8me de messagerie de la plateforme (une fois connect\u00e9, cliquez sur le bouton \u00ab Messaging system \u00bb sous une nouvelle ou un \u00e9v\u00e9nement particulier, ou bien sous tout projet\/programme\/initiative ou profil d\u2019utilisateur).<\/p>\n\n\n\n<p>L\u2019objectif est de promouvoir les \u00e9changes et la collaboration entre les parties prenantes int\u00e9ress\u00e9es et actives en mati\u00e8re d\u2019\u00e9conomie bleue et d\u2019affaires marins et maritimes en M\u00e9diterran\u00e9e.<\/p>\n","protected":false},"excerpt":{"rendered":"<p>&nbsp;Qu&rsquo;est-ce que c&rsquo;est le MedBESP m\u00e9diterran\u00e9en et pourquoi devrais-je l&rsquo;utiliser? La Plateforme M\u00e9diterran\u00e9enne des Acteurs de l\u2019\u00c9conomie Bleue (MedBESP) \u2013 Centre Virtuel de Connaissance pr\u00e9c\u00e9demment \u2013 est une plateforme r\u00e9gionale de r\u00e9seautage pour partager les connaissances et soutenir le d\u00e9veloppement de l\u2019\u00e9conomie bleue. Elle peut \u00eatre d\u00e9finie comme un \u00abpoint de rencontre\/portail web en ligne &hellip; <\/p>\n<p class=\"link-more\"><a href=\"https:\/\/medblueconomyplatform.org\/fr\/faqs\/\" class=\"more-link\">Continuer la lecture<span class=\"screen-reader-text\"> de &laquo;&nbsp;FAQs&nbsp;&raquo;<\/span><\/a><\/p>\n","protected":false},"author":2,"featured_media":0,"parent":0,"menu_order":0,"comment_status":"closed","ping_status":"closed","template":"","meta":{"footnotes":""},"_links":{"self":[{"href":"https:\/\/medblueconomyplatform.org\/fr\/wp-json\/wp\/v2\/pages\/1026"}],"collection":[{"href":"https:\/\/medblueconomyplatform.org\/fr\/wp-json\/wp\/v2\/pages"}],"about":[{"href":"https:\/\/medblueconomyplatform.org\/fr\/wp-json\/wp\/v2\/types\/page"}],"author":[{"embeddable":true,"href":"https:\/\/medblueconomyplatform.org\/fr\/wp-json\/wp\/v2\/users\/2"}],"replies":[{"embeddable":true,"href":"https:\/\/medblueconomyplatform.org\/fr\/wp-json\/wp\/v2\/comments?post=1026"}],"version-history":[{"count":14,"href":"https:\/\/medblueconomyplatform.org\/fr\/wp-json\/wp\/v2\/pages\/1026\/revisions"}],"predecessor-version":[{"id":2331,"href":"https:\/\/medblueconomyplatform.org\/fr\/wp-json\/wp\/v2\/pages\/1026\/revisions\/2331"}],"wp:attachment":[{"href":"https:\/\/medblueconomyplatform.org\/fr\/wp-json\/wp\/v2\/media?parent=1026"}],"curies":[{"name":"wp","href":"https:\/\/api.w.org\/{rel}","templated":true}]}}