{"id":1030,"date":"2020-10-13T19:45:45","date_gmt":"2020-10-13T19:45:45","guid":{"rendered":"https:\/\/medblueconomyplatform.org\/?page_id=1030\/"},"modified":"2023-09-28T21:21:42","modified_gmt":"2023-09-28T21:21:42","slug":"contactez-et-rejoignez-nous-2","status":"publish","type":"page","link":"https:\/\/medblueconomyplatform.org\/fr\/contactez-et-rejoignez-nous-2\/","title":{"rendered":"Contactez et Rejoignez-nous"},"content":{"rendered":"\n<p><strong>Contact<\/strong><\/p>\n\n\n\n<iframe loading=\"lazy\" style=\"border: 0;\" src=\"https:\/\/www.google.com\/maps\/embed?pb=!1m18!1m12!1m3!1d2993.3365688491417!2d2.1148578155842075!3d41.38849657926423!2m3!1f0!2f0!3f0!3m2!1i1024!2i768!4f13.1!3m3!1m2!1s0x12a4985a439be6b5%3A0xa6baf0e9497cd420!2sPalau+Reial+de+Pedralbes!5e0!3m2!1ses!2ses!4v1510834326590\" allowfullscreen=\"allowfullscreen\" width=\"100%\" height=\"450\" frameborder=\"0\"><\/iframe>\n\n\n\n<p><\/p>\n\n\n\n<div class=\"wp-block-columns is-layout-flex wp-container-3 wp-block-columns-is-layout-flex\">\n<div class=\"wp-block-column is-layout-flow wp-block-column-is-layout-flow\">\n<p><strong>Postal Address<\/strong><br>Palacio de Pedralbes<br>Pere Duran Farell, 11<br>08034 Barcelona, Spain<\/p>\n<\/div>\n\n\n\n<div class=\"wp-block-column is-layout-flow wp-block-column-is-layout-flow\">\n<p><strong>Phone<\/strong>:&nbsp;<a href=\"tel:0034-93-521-4100\">00 34 93 521 4100<\/a><br><strong>Fax<\/strong>: 00 34 93 521 4102<br><strong>E-mail<\/strong>:&nbsp;<a href=\"mailto:blueconomy@ufmsecretariat.org\">blueconomy@ufmsecretariat.org<\/a><strong> <\/strong><strong>Web<\/strong>:&nbsp;<a href=\"http:\/\/www.ufmsecretariat.org\/\">www.ufmsecretariat.org<\/a><\/p>\n\n\n\n<p><\/p>\n<\/div>\n<\/div>\n\n\n\n<p><strong>Join us<\/strong><\/p>\n\n\n\n<p>Rejoignez la Plate-forme M\u00e9diterran\u00e9enne des Acteurs de l&rsquo;\u00c9conomie Bleue pour t\u00e9l\u00e9charger l\u2019information dans les diff\u00e9rentes sections th\u00e9matiques, partager votre prochain \u00e9v\u00e9nement ou publier une actualit\u00e9 relative \u00e0 votre travail sur l&rsquo;\u00e9conomie bleue.<\/p>\n\n\n\n<p>Nous vous invitons \u00e0 mettre votre inscription \u00e0 jour en rejoignant la <a href=\"https:\/\/medblueconomyplatform.org\/vkc\/initiatives\/new\/\">Communaut\u00e9 de l&rsquo;\u00c9conomie Bleue<\/a> en tant qu&rsquo;<a href=\"https:\/\/medblueconomyplatform.org\/vkc\/initiatives\/new\/\">Initiative<\/a> ou <a href=\"ttps:\/\/medblueconomyplatform.org\/vkc\/stakeholders\/new\/\">Partie Prenante<\/a>. Ceci vous permettra d&rsquo;\u00e9changer les connaissances et les points de vue, de savoir qui fait quoi, de d\u00e9velopper votre r\u00e9seau de contacts, de contacter les partenaires, d\u2019\u00e9tablir des partenariats op\u00e9rationnels et d&rsquo;accro\u00eetre l&rsquo;impact de votre action sur l&rsquo;\u00e9conomie bleue.&nbsp;Veuillez cliquer <a href=\"https:\/\/medblueconomyplatform.org\/fr\/faqs\/\" target=\"_blank\" rel=\"noreferrer noopener\">ici<\/a> pour en savoir plus.<\/p>\n\n\n\n<p><a href=\"https:\/\/medblueconomyplatform.org\/wp-content\/uploads\/2022\/03\/20220307_MedBESP_UsersGuide-FINAL.pdf\" target=\"_blank\" rel=\"noreferrer noopener\">Lisez notre \u00ab\u00a0Guide rapide d&rsquo;utilisation et d&rsquo;accueil\u00a0\u00bb pour tirer le meilleur parti de MedBESP<\/a><\/p>\n","protected":false},"excerpt":{"rendered":"<p>Contact Postal AddressPalacio de PedralbesPere Duran Farell, 1108034 Barcelona, Spain Phone:&nbsp;00 34 93 521 4100Fax: 00 34 93 521 4102E-mail:&nbsp;blueconomy@ufmsecretariat.org Web:&nbsp;www.ufmsecretariat.org Join us Rejoignez la Plate-forme M\u00e9diterran\u00e9enne des Acteurs de l&rsquo;\u00c9conomie Bleue pour t\u00e9l\u00e9charger l\u2019information dans les diff\u00e9rentes sections th\u00e9matiques, partager votre prochain \u00e9v\u00e9nement ou publier une actualit\u00e9 relative \u00e0 votre travail sur l&rsquo;\u00e9conomie bleue. &hellip; <\/p>\n<p class=\"link-more\"><a href=\"https:\/\/medblueconomyplatform.org\/fr\/contactez-et-rejoignez-nous-2\/\" class=\"more-link\">Continuer la lecture<span class=\"screen-reader-text\"> de &laquo;&nbsp;Contactez et Rejoignez-nous&nbsp;&raquo;<\/span><\/a><\/p>\n","protected":false},"author":2,"featured_media":0,"parent":0,"menu_order":0,"comment_status":"closed","ping_status":"closed","template":"","meta":{"footnotes":""},"_links":{"self":[{"href":"https:\/\/medblueconomyplatform.org\/fr\/wp-json\/wp\/v2\/pages\/1030"}],"collection":[{"href":"https:\/\/medblueconomyplatform.org\/fr\/wp-json\/wp\/v2\/pages"}],"about":[{"href":"https:\/\/medblueconomyplatform.org\/fr\/wp-json\/wp\/v2\/types\/page"}],"author":[{"embeddable":true,"href":"https:\/\/medblueconomyplatform.org\/fr\/wp-json\/wp\/v2\/users\/2"}],"replies":[{"embeddable":true,"href":"https:\/\/medblueconomyplatform.org\/fr\/wp-json\/wp\/v2\/comments?post=1030"}],"version-history":[{"count":4,"href":"https:\/\/medblueconomyplatform.org\/fr\/wp-json\/wp\/v2\/pages\/1030\/revisions"}],"predecessor-version":[{"id":2328,"href":"https:\/\/medblueconomyplatform.org\/fr\/wp-json\/wp\/v2\/pages\/1030\/revisions\/2328"}],"wp:attachment":[{"href":"https:\/\/medblueconomyplatform.org\/fr\/wp-json\/wp\/v2\/media?parent=1030"}],"curies":[{"name":"wp","href":"https:\/\/api.w.org\/{rel}","templated":true}]}}