{"id":2711,"date":"2024-05-15T15:50:01","date_gmt":"2024-05-15T15:50:01","guid":{"rendered":"https:\/\/medblueconomyplatform.org\/?page_id=2711\/"},"modified":"2024-05-15T16:01:31","modified_gmt":"2024-05-15T16:01:31","slug":"2nd-ufm-stakeholder-conference-on-sustainable-blue-economy","status":"publish","type":"page","link":"https:\/\/medblueconomyplatform.org\/fr\/a-propos\/2nd-ufm-stakeholder-conference-on-sustainable-blue-economy\/","title":{"rendered":"2\u00e8me Conf\u00e9rence des Parties Prenantes de l&rsquo;UpM sur l&rsquo;\u00c9conomie Bleue Durable"},"content":{"rendered":"\n<figure class=\"wp-block-image size-large\"><img decoding=\"async\" src=\"https:\/\/beta.medblueconomyplatform.org\/wp-content\/uploads\/2023\/12\/UfM_BlueMedPlat_sectionwide.png\" alt=\"\" style=\"object-fit:cover\"\/><\/figure>\n\n\n\n<div class=\"wp-block-columns is-layout-flex wp-container-11 wp-block-columns-is-layout-flex\">\n<div class=\"wp-block-column is-layout-flow wp-block-column-is-layout-flow\">\n<div class=\"wp-block-buttons is-content-justification-center is-layout-flex wp-container-1 wp-block-buttons-is-layout-flex\">\n<div class=\"wp-block-button is-style-outline\"><a class=\"wp-block-button__link wp-element-button\" href=\"https:\/\/forms.office.com\/Pages\/ResponsePage.aspx?id=nhKjpQ2t70ivqrwoSrRLw17AU01nx-dMjFqGNXAmnd9UMUtCVDdNM1o1VVg2REpSNVFZSlQyQVJDUiQlQCNjPTEu\" style=\"border-radius:10px\" target=\"_blank\" rel=\"noreferrer noopener\"><strong>Inscription<\/strong><\/a><\/div>\n<\/div>\n<\/div>\n\n\n\n<div class=\"wp-block-column is-layout-flow wp-block-column-is-layout-flow\">\n<div class=\"wp-block-buttons is-content-justification-center is-layout-flex wp-container-3 wp-block-buttons-is-layout-flex\">\n<div class=\"wp-block-button is-style-outline\"><a class=\"wp-block-button__link wp-element-button\" href=\"https:\/\/medblueconomyplatform.org\/wp-content\/uploads\/2024\/01\/Agenda-2nd-UfM-Stakeholder-Conference-SBE-VersiontoUpload.pdf\" style=\"border-radius:10px\" target=\"_blank\" rel=\"noreferrer noopener\">Agenda<\/a><\/div>\n<\/div>\n<\/div>\n\n\n\n<div class=\"wp-block-column is-layout-flow wp-block-column-is-layout-flow\">\n<div class=\"wp-block-buttons is-content-justification-center is-layout-flex wp-container-5 wp-block-buttons-is-layout-flex\">\n<div class=\"wp-block-button is-style-outline\"><a class=\"wp-block-button__link wp-element-button\" href=\"https:\/\/medblueconomyplatform.org\/documents-media\/\" style=\"border-radius:10px\" target=\"_blank\" rel=\"noreferrer noopener\"><strong>Documents et m\u00e9dias<\/strong><\/a><\/div>\n<\/div>\n<\/div>\n\n\n\n<div class=\"wp-block-column is-layout-flow wp-block-column-is-layout-flow\">\n<div class=\"wp-block-buttons is-content-justification-center is-layout-flex wp-container-7 wp-block-buttons-is-layout-flex\">\n<div class=\"wp-block-button is-style-outline\"><a class=\"wp-block-button__link wp-element-button\" href=\"https:\/\/medblueconomyplatform.org\/wp-content\/uploads\/2024\/02\/Practical-Information-Note-2nd-UfM-Stakeholder-Conference-SBE-fin.pdf\" style=\"border-radius:10px\" target=\"_blank\" rel=\"noreferrer noopener\"><strong>Logistique<\/strong><\/a><\/div>\n<\/div>\n<\/div>\n\n\n\n<div class=\"wp-block-column is-layout-flow wp-block-column-is-layout-flow\">\n<div class=\"wp-block-buttons is-content-justification-center is-layout-flex wp-container-9 wp-block-buttons-is-layout-flex\">\n<div class=\"wp-block-button is-style-outline\"><a class=\"wp-block-button__link wp-element-button\" href=\"https:\/\/medblueconomyplatform.org\/wp-content\/uploads\/2024\/03\/2nd-ufm-sk-conf-sbe-outcomes-main-messages.pdf\" style=\"border-radius:10px\" target=\"_blank\" rel=\"noreferrer noopener\"><strong>R\u00e9sultats et points essentiels<\/strong><\/a><\/div>\n<\/div>\n<\/div>\n<\/div>\n\n\n\n<p><\/p>\n\n\n\n<div style=\"height:35px\" aria-hidden=\"true\" class=\"wp-block-spacer\"><\/div>\n\n\n\n<p>La Copr\u00e9sidence UE et Jordanie de l&rsquo;Union pour la M\u00e9diterran\u00e9e (UpM), le Secr\u00e9tariat de l\u2019UpM et le Minist\u00e8re des Affaires Maritimes et de la Politique Insulaire de la R\u00e9publique hell\u00e9nique ont organis\u00e9 la <strong>2<sup>\u00e8me<\/sup> Conf\u00e9rence des Parties Prenantes de l&rsquo;UpM sur l&rsquo;Economie Bleue Durable<\/strong>.<\/p>\n\n\n\n<p>La conf\u00e9rence a \u00e9t\u00e9 accueillie par la Gr\u00e8ce et s&rsquo;est tenue \u00e0 Ath\u00e8nes les <strong>19 et 20 f\u00e9vrier 2024<\/strong>.<\/p>\n\n\n\n<p>Trois ans apr\u00e8s l&rsquo;adoption de la <a href=\"https:\/\/urldefense.com\/v3\/__https:\/ufmsecretariat.org\/wp-content\/uploads\/2021\/02\/Declaration-UfM-Blue-Economy-EN-1.pdf__;!!DOxrgLBm!CCyWSAT3qwa41R1eMn-5xSFZNQBjHidgFi71qcuHky1kyadUaME8qrimbfjjfbkuUMjYe1xSHg3SKsVQZKYHflP6msFEbsMBWa4j0_LZL24a6lA$\"><strong>D\u00e9claration Minist\u00e9rielle de l&rsquo;UpM de 2021 sur l&rsquo;Economie Bleue Burable (EBD)<\/strong><\/a> et de sa feuille de route pour la mise en \u0153uvre adopt\u00e9e en 2022, la conf\u00e9rence visait \u00e0 rassembler une repr\u00e9sentation diversifi\u00e9e de la communaut\u00e9 riche et dynamique des acteurs de l&rsquo;EBD en M\u00e9diterran\u00e9e, principaux moteurs de la mise en \u0153uvre d\u2019actions concr\u00e8tes et du d\u00e9veloppement de solutions \u00e9volutives dans toute la r\u00e9gion.<\/p>\n\n\n\n<p>La conf\u00e9rence a servi d&rsquo;\u00e9tape cl\u00e9 pour faire le point sur les progr\u00e8s accomplis, discuter des d\u00e9fis communs et des outils de transformation, et engager l&rsquo;ensemble de la communaut\u00e9 m\u00e9diterran\u00e9enne de l&rsquo;\u00e9conomie bleue durable dans la d\u00e9finition d\u2019une nouvelle voie vers d\u2019autres d\u00e9lib\u00e9rations au niveau politique.<\/p>\n\n\n\n<p>Un service d&rsquo;interpr\u00e9tation en anglais, fran\u00e7ais, arabe et grec a \u00e9t\u00e9 propos\u00e9.<\/p>\n\n\n\n<p><strong><strong>Aper\u00e7u de la conf\u00e9rence<\/strong><\/strong><\/p>\n\n\n<div class=\"wp-block-image\">\n<figure class=\"aligncenter size-large is-resized\"><a href=\"https:\/\/medblueconomyplatform.org\/wp-content\/uploads\/2024\/03\/0.2024_2nd_UfM_Stakeholder_Conference_on_Sustainable_Blue_Economy_-_Graphic_Recording_Overview.png\" target=\"_blank\" rel=\"noreferrer noopener\"><img decoding=\"async\" loading=\"lazy\" src=\"https:\/\/beta.medblueconomyplatform.org\/wp-content\/uploads\/2024\/03\/0.2024_2nd_UfM_Stakeholder_Conference_on_Sustainable_Blue_Economy_-_Graphic_Recording_Overview-817x1024.png\" alt=\"\" class=\"wp-image-2427\" style=\"width:623px;height:781px\" width=\"623\" height=\"781\"\/><\/a><\/figure><\/div>\n\n\n<p><strong>Toutes les repr\u00e9sentations graphiques captur\u00e9es lors de la conf\u00e9rence peuvent \u00eatre consult\u00e9es <\/strong><a href=\"https:\/\/medblueconomyplatform.org\/graphic-representations-from-the-conference\/\"><strong>ici<\/strong><\/a><\/p>\n","protected":false},"excerpt":{"rendered":"<p>La Copr\u00e9sidence UE et Jordanie de l&rsquo;Union pour la M\u00e9diterran\u00e9e (UpM), le Secr\u00e9tariat de l\u2019UpM et le Minist\u00e8re des Affaires Maritimes et de la Politique Insulaire de la R\u00e9publique hell\u00e9nique ont organis\u00e9 la 2\u00e8me Conf\u00e9rence des Parties Prenantes de l&rsquo;UpM sur l&rsquo;Economie Bleue Durable. La conf\u00e9rence a \u00e9t\u00e9 accueillie par la Gr\u00e8ce et s&rsquo;est tenue &hellip; <\/p>\n<p class=\"link-more\"><a href=\"https:\/\/medblueconomyplatform.org\/fr\/a-propos\/2nd-ufm-stakeholder-conference-on-sustainable-blue-economy\/\" class=\"more-link\">Continuer la lecture<span class=\"screen-reader-text\"> de &laquo;&nbsp;2\u00e8me Conf\u00e9rence des Parties Prenantes de l&rsquo;UpM sur l&rsquo;\u00c9conomie Bleue Durable&nbsp;&raquo;<\/span><\/a><\/p>\n","protected":false},"author":2,"featured_media":0,"parent":1055,"menu_order":0,"comment_status":"closed","ping_status":"closed","template":"","meta":{"footnotes":""},"_links":{"self":[{"href":"https:\/\/medblueconomyplatform.org\/fr\/wp-json\/wp\/v2\/pages\/2711"}],"collection":[{"href":"https:\/\/medblueconomyplatform.org\/fr\/wp-json\/wp\/v2\/pages"}],"about":[{"href":"https:\/\/medblueconomyplatform.org\/fr\/wp-json\/wp\/v2\/types\/page"}],"author":[{"embeddable":true,"href":"https:\/\/medblueconomyplatform.org\/fr\/wp-json\/wp\/v2\/users\/2"}],"replies":[{"embeddable":true,"href":"https:\/\/medblueconomyplatform.org\/fr\/wp-json\/wp\/v2\/comments?post=2711"}],"version-history":[{"count":5,"href":"https:\/\/medblueconomyplatform.org\/fr\/wp-json\/wp\/v2\/pages\/2711\/revisions"}],"predecessor-version":[{"id":2718,"href":"https:\/\/medblueconomyplatform.org\/fr\/wp-json\/wp\/v2\/pages\/2711\/revisions\/2718"}],"up":[{"embeddable":true,"href":"https:\/\/medblueconomyplatform.org\/fr\/wp-json\/wp\/v2\/pages\/1055"}],"wp:attachment":[{"href":"https:\/\/medblueconomyplatform.org\/fr\/wp-json\/wp\/v2\/media?parent=2711"}],"curies":[{"name":"wp","href":"https:\/\/api.w.org\/{rel}","templated":true}]}}