{"id":3082,"date":"2025-05-22T19:28:56","date_gmt":"2025-05-22T19:28:56","guid":{"rendered":"https:\/\/medblueconomyplatform.org\/?page_id=3082\/"},"modified":"2025-05-26T10:34:14","modified_gmt":"2025-05-26T10:34:14","slug":"programs","status":"publish","type":"page","link":"https:\/\/medblueconomyplatform.org\/fr\/financement-de-leconomie-bleue\/programs\/","title":{"rendered":"Programmes"},"content":{"rendered":"\n<p>Bienvenue dans la section des Opportunit\u00e9s de financement &#8211; Programmes. Vous y trouverez des organisations, des initiatives et des programmes qui soutiennent et financent la diversification et le d\u00e9veloppement durable des \u00e9conomies maritimes en M\u00e9diterran\u00e9e.<br>Cliquez sur les liens pour en savoir plus.<\/p>\n","protected":false},"excerpt":{"rendered":"<p>Bienvenue dans la section des Opportunit\u00e9s de financement &#8211; Programmes. Vous y trouverez des organisations, des initiatives et des programmes qui soutiennent et financent la diversification et le d\u00e9veloppement durable des \u00e9conomies maritimes en M\u00e9diterran\u00e9e.Cliquez sur les liens pour en savoir plus.<\/p>\n","protected":false},"author":2,"featured_media":0,"parent":1014,"menu_order":2,"comment_status":"closed","ping_status":"closed","template":"page-funding-blue-economy-programs.php","meta":{"footnotes":""},"_links":{"self":[{"href":"https:\/\/medblueconomyplatform.org\/fr\/wp-json\/wp\/v2\/pages\/3082"}],"collection":[{"href":"https:\/\/medblueconomyplatform.org\/fr\/wp-json\/wp\/v2\/pages"}],"about":[{"href":"https:\/\/medblueconomyplatform.org\/fr\/wp-json\/wp\/v2\/types\/page"}],"author":[{"embeddable":true,"href":"https:\/\/medblueconomyplatform.org\/fr\/wp-json\/wp\/v2\/users\/2"}],"replies":[{"embeddable":true,"href":"https:\/\/medblueconomyplatform.org\/fr\/wp-json\/wp\/v2\/comments?post=3082"}],"version-history":[{"count":2,"href":"https:\/\/medblueconomyplatform.org\/fr\/wp-json\/wp\/v2\/pages\/3082\/revisions"}],"predecessor-version":[{"id":3103,"href":"https:\/\/medblueconomyplatform.org\/fr\/wp-json\/wp\/v2\/pages\/3082\/revisions\/3103"}],"up":[{"embeddable":true,"href":"https:\/\/medblueconomyplatform.org\/fr\/wp-json\/wp\/v2\/pages\/1014"}],"wp:attachment":[{"href":"https:\/\/medblueconomyplatform.org\/fr\/wp-json\/wp\/v2\/media?parent=3082"}],"curies":[{"name":"wp","href":"https:\/\/api.w.org\/{rel}","templated":true}]}}