{"id":3088,"date":"2025-05-22T19:33:54","date_gmt":"2025-05-22T19:33:54","guid":{"rendered":"https:\/\/medblueconomyplatform.org\/?page_id=3088\/"},"modified":"2025-05-26T10:32:28","modified_gmt":"2025-05-26T10:32:28","slug":"calls","status":"publish","type":"page","link":"https:\/\/medblueconomyplatform.org\/fr\/financement-de-leconomie-bleue\/calls\/","title":{"rendered":"Appels \u00e0 projets"},"content":{"rendered":"\n<p>Bienvenue dans la section des Opportunit\u00e9s de financement &#8211; Appels \u00e0 projets. Vous trouverez ici les appels \u00e0 projets ouverts et cl\u00f4tur\u00e9s visant \u00e0 financer la diversification et le d\u00e9veloppement durable des \u00e9conomies maritimes en M\u00e9diterran\u00e9e. Cliquez sur les liens pour en savoir plus.<\/p>\n","protected":false},"excerpt":{"rendered":"<p>Bienvenue dans la section des Opportunit\u00e9s de financement &#8211; Appels \u00e0 projets. Vous trouverez ici les appels \u00e0 projets ouverts et cl\u00f4tur\u00e9s visant \u00e0 financer la diversification et le d\u00e9veloppement durable des \u00e9conomies maritimes en M\u00e9diterran\u00e9e. Cliquez sur les liens pour en savoir plus.<\/p>\n","protected":false},"author":2,"featured_media":0,"parent":1014,"menu_order":1,"comment_status":"closed","ping_status":"closed","template":"page-funding-blue-economy-opportunities.php","meta":{"footnotes":""},"_links":{"self":[{"href":"https:\/\/medblueconomyplatform.org\/fr\/wp-json\/wp\/v2\/pages\/3088"}],"collection":[{"href":"https:\/\/medblueconomyplatform.org\/fr\/wp-json\/wp\/v2\/pages"}],"about":[{"href":"https:\/\/medblueconomyplatform.org\/fr\/wp-json\/wp\/v2\/types\/page"}],"author":[{"embeddable":true,"href":"https:\/\/medblueconomyplatform.org\/fr\/wp-json\/wp\/v2\/users\/2"}],"replies":[{"embeddable":true,"href":"https:\/\/medblueconomyplatform.org\/fr\/wp-json\/wp\/v2\/comments?post=3088"}],"version-history":[{"count":2,"href":"https:\/\/medblueconomyplatform.org\/fr\/wp-json\/wp\/v2\/pages\/3088\/revisions"}],"predecessor-version":[{"id":3101,"href":"https:\/\/medblueconomyplatform.org\/fr\/wp-json\/wp\/v2\/pages\/3088\/revisions\/3101"}],"up":[{"embeddable":true,"href":"https:\/\/medblueconomyplatform.org\/fr\/wp-json\/wp\/v2\/pages\/1014"}],"wp:attachment":[{"href":"https:\/\/medblueconomyplatform.org\/fr\/wp-json\/wp\/v2\/media?parent=3088"}],"curies":[{"name":"wp","href":"https:\/\/api.w.org\/{rel}","templated":true}]}}