{"id":990,"date":"2020-10-13T18:37:10","date_gmt":"2020-10-13T18:37:10","guid":{"rendered":"https:\/\/medblueconomyplatform.org\/?page_id=990\/"},"modified":"2025-05-10T15:20:43","modified_gmt":"2025-05-10T15:20:43","slug":"medbesp","status":"publish","type":"page","link":"https:\/\/medblueconomyplatform.org\/fr\/a-propos\/medbesp\/","title":{"rendered":"MedBESP"},"content":{"rendered":"\n<div class=\"message-intro\">\n                <div>\n                    <p>\n                        <a class=\"js-shhi\" data-name=\"id-who\">\n                            <svg class=\"caret\" role=\"img\" xmlns=\"http:\/\/www.w3.org\/2000\/svg\" viewBox=\"0 0 192 512\">\n                                <path fill=\"currentColor\"\n                                    d=\"M0 384.662V127.338c0-17.818 21.543-26.741 34.142-14.142l128.662 128.662c7.81 7.81 7.81 20.474 0 28.284L34.142 398.804C21.543 411.404 0 402.48 0 384.662z\">\n                                <\/path>\n                            <\/svg>\n                            <img decoding=\"async\" src=\"\/wp-content\/themes\/twentyseventeen-child\/assets\/newicons\/Who-we-are.png\" alt=\"icon\">\n                            <span>Qui nous sommes<\/span><\/a>\n                    <\/p>\n                    <div id=\"id-who\" style=\"display: none;\"> MedBESP est une plateforme r\u00e9gionale de mise en r\u00e9seau, d\u00e9di\u00e9e au partage de connaissances et \u00e0 l\u2019appui du d\u00e9veloppement de l\u2019\u00e9conomie bleue. Elle constitue la plateforme de r\u00e9f\u00e9rence la plus compl\u00e8te pour acc\u00e9der \u00e0 des informations g\u00e9n\u00e9rales, techniques et sectorielles sur les affaires maritimes en M\u00e9diterran\u00e9e. <\/div>\n                <\/div>\n                <div>\n                    <p>\n                        <a class=\"js-shhi\" data-name=\"id-our\">\n                            <svg class=\"caret\" role=\"img\" xmlns=\"http:\/\/www.w3.org\/2000\/svg\" viewBox=\"0 0 192 512\">\n                                <path fill=\"currentColor\"\n                                    d=\"M0 384.662V127.338c0-17.818 21.543-26.741 34.142-14.142l128.662 128.662c7.81 7.81 7.81 20.474 0 28.284L34.142 398.804C21.543 411.404 0 402.48 0 384.662z\">\n                                <\/path>\n                            <\/svg>\n                            <img decoding=\"async\" src=\"\/wp-content\/themes\/twentyseventeen-child\/assets\/newicons\/our-goals.png\" alt=\"icon\">\n                            <span>Nos objectifs<\/span><\/a>\n                    <\/p>\n                    <div id=\"id-our\" style=\"display: none;\"> MedBESP a pour ambition de renforcer la gouvernance maritime en M\u00e9diterran\u00e9e, en promouvant une approche plus strat\u00e9gique, int\u00e9gr\u00e9e et coordonn\u00e9e des politiques. Elle encourage la coop\u00e9ration et les synergies entre secteurs et territoires, tout en facilitant la diffusion des connaissances, le d\u00e9veloppement des r\u00e9seaux et le renforcement des capacit\u00e9s. <\/div>\n                <\/div>\n                <div>\n                    <p>\n                        <a class=\"js-shhi\" data-name=\"id-eng\">\n                            <svg class=\"caret\" role=\"img\" xmlns=\"http:\/\/www.w3.org\/2000\/svg\" viewBox=\"0 0 192 512\">\n                                <path fill=\"currentColor\"\n                                    d=\"M0 384.662V127.338c0-17.818 21.543-26.741 34.142-14.142l128.662 128.662c7.81 7.81 7.81 20.474 0 28.284L34.142 398.804C21.543 411.404 0 402.48 0 384.662z\">\n                                <\/path>\n                            <\/svg>\n                            <img decoding=\"async\" src=\"\/wp-content\/themes\/twentyseventeen-child\/assets\/newicons\/Engage_new.png\" alt=\"icon\">\n                            <span>Engagement<\/span><\/a>\n                    <\/p>\n                    <div id=\"id-eng\" style=\"display: none;\"> MedBESP contribue \u00e0 faire \u00e9merger la plus grande communaut\u00e9 interactive d\u00e9di\u00e9e \u00e0 l\u2019\u00e9conomie bleue en M\u00e9diterran\u00e9e. Un espace pour partager des actualit\u00e9s th\u00e9matiques, des initiatives et des \u00e9v\u00e9nements ; identifier des experts, partenaires de projets et parties prenantes ; acc\u00e9der \u00e0 des rapports et des supports de formation, et interagir avec l\u2019ensemble de la communaut\u00e9. <\/div>\n                <\/div>\n            <\/div>\n\n\n\n<p>La plate-forme m\u00e9diterran\u00e9enne des acteurs de l&rsquo;\u00e9conomie bleue (MedBESP) \u2013 pr\u00e9c\u00e9demment connue sous le nom de Centre Virtuel de Connaissances \u2013 est une plate-forme r\u00e9gionale de r\u00e9seautage pour partager les connaissances et soutenir le d\u00e9veloppement de l&rsquo;\u00e9conomie bleue. Elle peut \u00eatre d\u00e9finie comme un \u00abpoint de rencontre\/portail web en ligne permettant la consolidation et le partage d\u2019information g\u00e9n\u00e9rale, technique et sectorielle en lien avec les affaires marines et maritimes en M\u00e9diterran\u00e9e\u00bb.&nbsp;<\/p>\n\n\n\n<p>MedBESP est un portail Internet visant \u00e0 fournir un cadre syst\u00e9matique et coh\u00e9rent afin d\u2019am\u00e9liorer la gouvernance maritime dans la r\u00e9gion m\u00e9diterran\u00e9enne, par la promotion et la mise en \u0153uvre de:<\/p>\n\n\n\n<ul>\n<li>une approche plus strat\u00e9gique, int\u00e9gr\u00e9e et coordonn\u00e9e des politiques et les actions ayant une incidence sur la mer.&nbsp;<\/li>\n\n\n\n<li>une coop\u00e9ration entre les syst\u00e8mes&nbsp; et la promotion de synergies entre les secteurs et les fronti\u00e8res \u00e0 l\u2019\u00e9chelle r\u00e9gionale, sous r\u00e9gionale et nationale.&nbsp;<\/li>\n\n\n\n<li>un cadre commun et coh\u00e9rent, tenant compte des sp\u00e9cificit\u00e9s r\u00e9gionales de la r\u00e9gion m\u00e9diterran\u00e9enne, pour am\u00e9liorer l&rsquo;\u00e9change et la diffusion des connaissances ainsi que le r\u00e9seautage et le renforcement des capacit\u00e9s.&nbsp;<\/li>\n<\/ul>\n\n\n\n<p>MedBESP vise \u00e0 \u00e9tablir une grande communaut\u00e9 de l&rsquo;\u00e9conomie bleue dans le bassin m\u00e9diterran\u00e9en, o\u00f9 les utilisateurs jouent un r\u00f4le cl\u00e9 pour am\u00e9liorer, diffuser et \u00e9tendre l\u2019impact des activit\u00e9s de l&rsquo;\u00e9conomie bleue. Entre autres, MedBESP est une plateforme qui vise \u00e0 faciliter la communication entre les r\u00e9seaux \u00e9ducatifs existants, \u00e0 \u00e9changer l\u2019information, y compris les outils p\u00e9dagogiques, et \u00e0 servir comme une interface pour les programmes de mobilit\u00e9.<\/p>\n\n\n\n<h4 class=\"wp-block-heading\" id=\"cap2\"><em><strong><em>Fonctionnement<\/em><\/strong><\/em><\/h4>\n\n\n\n<p>MedBESP est un syst\u00e8me convivial organis\u00e9 en sections th\u00e9matiques et en sous-sections sp\u00e9cifiques, qui comprend:<\/p>\n\n\n\n<ul>\n<li>un outil de recherche permettant aux utilisateurs de chercher facilement les projets,&nbsp;les parties prenantes, les partenaires, les experts, les initiatives, etc. dans une base de donn\u00e9es unique sur l&rsquo;\u00e9conomie bleue.&nbsp;&nbsp;<\/li>\n\n\n\n<li>une carte interactive repr\u00e9sentant une alternative conviviale pour trouver les contenus correspondant aux zones g\u00e9ographiques.&nbsp;<\/li>\n\n\n\n<li>une mise \u00e0 jour r\u00e9guli\u00e8re sur les derni\u00e8res actualit\u00e9s, les prochains \u00e9v\u00e9nements et les publications r\u00e9centes en lien avec l&rsquo;\u00e9conomie bleue.&nbsp;<\/li>\n\n\n\n<li>un syst\u00e8me de chargement qui permet aux utilisateurs enregistr\u00e9s de charger des actualit\u00e9s, des \u00e9v\u00e9nements, des publications, des projets et de s&rsquo;inscrire en tant qu&rsquo;experts ou acteurs.&nbsp;<\/li>\n\n\n\n<li>une biblioth\u00e8que contenant des supports de formation sur l&rsquo;\u00e9conomie bleue sous forme de vid\u00e9os, de pr\u00e9sentations et de rapports.&nbsp;<\/li>\n\n\n\n<li>un syst\u00e8me de messagerie qui permet d&rsquo;interagir, d&rsquo;\u00e9changer les connaissances entre les utilisateurs de la plateforme, de d\u00e9velopper le r\u00e9seau de contacts et de former de nouveaux partenariats.&nbsp;<\/li>\n<\/ul>\n\n\n\n<p><\/p>\n\n\n\n<h4 class=\"wp-block-heading\" id=\"cap3\"><em><strong><em>Gestion<\/em><\/strong><\/em><\/h4>\n\n\n\n<p>MedBESP est un outil op\u00e9rationnel \u00e0 la disposition de la r\u00e9gion m\u00e9diterran\u00e9enne, financ\u00e9 par l&rsquo;UE et g\u00e9r\u00e9 par l&rsquo;Union pour la M\u00e9diterran\u00e9e (UpM) depuis avril 2017.<\/p>\n\n\n\n<h4 class=\"wp-block-heading\" id=\"cap4\"><em><strong><em>Contexte<\/em><\/strong><\/em><\/h4>\n\n\n\n<p>MedBESP a \u00e9t\u00e9 promu par l&rsquo;Union europ\u00e9enne, la Banque europ\u00e9enne d&rsquo;investissement et l&rsquo;Organisation maritime internationale sous le nom de \u00abCentre Virtuel de Connaissances\u00bb. L&rsquo;objectif \u00e9tait d\u2019offrir une plate-forme centralis\u00e9e sur&nbsp;les informations marines et maritimes et d&rsquo;am\u00e9liorer les synergies entre les diff\u00e9rentes initiatives et projets, afin de faciliter la coordination et la coop\u00e9ration dans la r\u00e9gion m\u00e9diterran\u00e9enne.&nbsp;<\/p>\n\n\n\n<p>La d\u00e9cision de cr\u00e9er la plateforme MedBESP a pris forme &nbsp;lors de divers \u00e9v\u00e9nements entre 2012 et 2013, et a abouti \u00e0 la conclusion du Conseil de l\u2019Union europ\u00e9enne, le 25 juin 2013, qui \u00abSalue l&rsquo;engagement politique en faveur de l&rsquo;\u00e9conomie bleue en r\u00e9gion m\u00e9diterran\u00e9enne, tel qu\u2019exprim\u00e9 lors de la 12<sup>\u00e8me<\/sup> Conf\u00e9rence de la Facilit\u00e9 euro-m\u00e9diterran\u00e9enne d&rsquo;investissement et de partenariat (FEMIP), qui a eu lieu les 18 et 19 avril, 2013 \u00e0 Ath\u00e8nes&nbsp;et aspire \u00e0 renforcer la coop\u00e9ration marine et maritime entre les \u00c9tats c\u00f4tiers en ce qui concerne les p\u00f4les d\u2019activit\u00e9s maritimes, la mise en r\u00e9seau des instituts de formation, la s\u00e9curit\u00e9 et la surveillance ainsi que la cr\u00e9ation d\u2019une plate-forme m\u00e9diterran\u00e9enne des acteurs de l&rsquo;\u00e9conomie bleue, en particulier\u00bb.&nbsp;<\/p>\n\n\n\n<p>Le mandat initial, destin\u00e9 \u00e0 d\u00e9velopper le cadre n\u00e9cessaire \u00e0 la cr\u00e9ation de la Plate-forme m\u00e9diterran\u00e9enne des acteurs de l\u2019\u00e9conomie bleue, a \u00e9t\u00e9 pr\u00e9vu dans le contexte du projet sur \u00abla politique maritime int\u00e9gr\u00e9e pour la M\u00e9diterran\u00e9e\u00bb (IMP-MED), financ\u00e9 par l&rsquo;Office de coop\u00e9ration EuropeAid de la Commission europ\u00e9enne (AIDCO), en coop\u00e9ration avec la Direction G\u00e9n\u00e9rale des affaires maritimes et de la p\u00eache (DG MARE). Ce projet vise \u00e0 offrir des opportunit\u00e9s \u00e0 neuf \u00c9tats du voisinage Sud de la M\u00e9diterran\u00e9e, pour s\u2019engager et obtenir de l\u2019assistance dans le d\u00e9veloppement des approches int\u00e9gr\u00e9es des affaires marines et maritimes.<\/p>\n\n\n\n<p>Dans le contexte de la D\u00e9cision d\u2019Ex\u00e9cution de la Commission du 18 juin, 2014, relative \u00e0 l&rsquo;adoption du programme de travail pour l\u2019ann\u00e9e 2014 dans le cadre du Fonds europ\u00e9en pour les affaires maritimes et la p\u00eache concernant le recours \u00e0 l\u2019assistance technique op\u00e9rationnelle, valant d\u00e9cision de financement, l\u2019Annexe&nbsp;1, action&nbsp;1.3.1.11&nbsp; (Soutenir les travaux de recherche pour le d\u00e9veloppement de l\u2019\u00e9conomie bleue et l\u2019innovation par le biais d\u2019un Plateforme m\u00e9diterran\u00e9enne des acteurs de l\u2019\u00e9conomie bleue) fait suite \u00e0 l&rsquo;initiative susmentionn\u00e9e qui a \u00e9t\u00e9 d\u00e9velopp\u00e9e au cours de la p\u00e9riode 2011-2013 entre la Commission europ\u00e9enne, l&rsquo;Organisation maritime internationale et la Banque europ\u00e9enne d&rsquo;investissement. Cette annexe fournit des travaux de recherche en appui au d\u00e9veloppement du contenu et \u00e0 la viabilit\u00e9 du MedBESP, permettant \u00e0 la future structure en charge de sa gestion de recueillir et de mettre l\u2019information de mani\u00e8re continue.<\/p>\n\n\n\n<p>Le 17&nbsp;novembre&nbsp;2017, la <strong><u>d\u00e9claration minist\u00e9rielle de l\u2019UpM sur l\u2019\u00e9conomie bleue<\/u><\/strong> a soulign\u00e9 le besoin de&nbsp;\u00ab&nbsp;\u2026&nbsp;renforcer la coordination et la coop\u00e9ration dans le domaine des affaires maritimes afin d\u2019am\u00e9liorer&nbsp;la gouvernance maritime et de parvenir \u00e0 un environnement propice \u00e0 l\u2019\u00e9conomie bleue dans le bassin m\u00e9diterran\u00e9en, notamment en\u2026 soulignant l\u2019importance d\u2019\u00e9tablir des m\u00e9canismes de mise en r\u00e9seau appropri\u00e9s pour les acteurs de l\u2019\u00e9conomie bleue autour de la r\u00e9gion m\u00e9diterran\u00e9enne et de charger le Secr\u00e9tariat de l\u2019UpM de d\u00e9velopper davantage la Plateforme m\u00e9diterran\u00e9enne des acteurs de l\u2019\u00e9conomie bleue sur les affaires marines et maritimes\u2026&nbsp;\u00bb.<\/p>\n\n\n\n<p><\/p>\n\n\n\n<p>La premi\u00e8re version du MedBESP a \u00e9t\u00e9 lanc\u00e9e pour fournir un portail permettant de rechercher et d&rsquo;acc\u00e9der aux informations de diff\u00e9rents secteurs d\u2019une mani\u00e8re organis\u00e9e et structur\u00e9e<\/p>\n\n\n\n<p>Depuis lors, la plateforme a fait l&rsquo;objet d\u2019am\u00e9liorations techniques pour mettre un meilleur acc\u00e8s \u00e0 l&rsquo;information, \u00e0 l&rsquo;interaction entre les acteurs et \u00e0 la convivialit\u00e9. Vu l&rsquo;int\u00e9r\u00eat croissant pour la formation en ligne et les outils d&rsquo;apprentissage en ligne en relation avec l&rsquo;\u00e9conomie bleue, une nouvelle section de la plateforme a \u00e9t\u00e9 cr\u00e9\u00e9e pour rassembler les supports de formation th\u00e9matique.<\/p>\n\n\n\n<p><\/p>\n\n\n\n<p><\/p>\n\n\n\n<p><\/p>\n\n\n\n<p><\/p>\n\n\n\n<p><\/p>\n","protected":false},"excerpt":{"rendered":"<p>Qui nous sommes MedBESP est une plateforme r\u00e9gionale de mise en r\u00e9seau, d\u00e9di\u00e9e au partage de connaissances et \u00e0 l\u2019appui du d\u00e9veloppement de l\u2019\u00e9conomie bleue. Elle constitue la plateforme de r\u00e9f\u00e9rence la plus compl\u00e8te pour acc\u00e9der \u00e0 des informations g\u00e9n\u00e9rales, techniques et sectorielles sur les affaires maritimes en M\u00e9diterran\u00e9e. Nos objectifs MedBESP a pour ambition &hellip; <\/p>\n<p class=\"link-more\"><a href=\"https:\/\/medblueconomyplatform.org\/fr\/a-propos\/medbesp\/\" class=\"more-link\">Continuer la lecture<span class=\"screen-reader-text\"> de &laquo;&nbsp;MedBESP&nbsp;&raquo;<\/span><\/a><\/p>\n","protected":false},"author":2,"featured_media":0,"parent":1055,"menu_order":0,"comment_status":"closed","ping_status":"closed","template":"","meta":{"footnotes":""},"_links":{"self":[{"href":"https:\/\/medblueconomyplatform.org\/fr\/wp-json\/wp\/v2\/pages\/990"}],"collection":[{"href":"https:\/\/medblueconomyplatform.org\/fr\/wp-json\/wp\/v2\/pages"}],"about":[{"href":"https:\/\/medblueconomyplatform.org\/fr\/wp-json\/wp\/v2\/types\/page"}],"author":[{"embeddable":true,"href":"https:\/\/medblueconomyplatform.org\/fr\/wp-json\/wp\/v2\/users\/2"}],"replies":[{"embeddable":true,"href":"https:\/\/medblueconomyplatform.org\/fr\/wp-json\/wp\/v2\/comments?post=990"}],"version-history":[{"count":3,"href":"https:\/\/medblueconomyplatform.org\/fr\/wp-json\/wp\/v2\/pages\/990\/revisions"}],"predecessor-version":[{"id":3067,"href":"https:\/\/medblueconomyplatform.org\/fr\/wp-json\/wp\/v2\/pages\/990\/revisions\/3067"}],"up":[{"embeddable":true,"href":"https:\/\/medblueconomyplatform.org\/fr\/wp-json\/wp\/v2\/pages\/1055"}],"wp:attachment":[{"href":"https:\/\/medblueconomyplatform.org\/fr\/wp-json\/wp\/v2\/media?parent=990"}],"curies":[{"name":"wp","href":"https:\/\/api.w.org\/{rel}","templated":true}]}}