{"id":992,"date":"2020-10-13T18:41:31","date_gmt":"2020-10-13T18:41:31","guid":{"rendered":"https:\/\/medblueconomyplatform.org\/?page_id=992\/"},"modified":"2023-09-28T20:54:55","modified_gmt":"2023-09-28T20:54:55","slug":"lunion-pour-la-mediterranee","status":"publish","type":"page","link":"https:\/\/medblueconomyplatform.org\/fr\/a-propos\/lunion-pour-la-mediterranee\/","title":{"rendered":"L\u2019Union pour la M\u00e9diterran\u00e9e"},"content":{"rendered":"\n<p>L&rsquo;Union pour la M\u00e9diterran\u00e9e (UpM) est une institution intergouvernementale r\u00e9unissant 28 \u00c9tats membres de l&rsquo;Union europ\u00e9enne et 15 pays du Sud et de l\u2019Est de la M\u00e9diterran\u00e9e, afin de promouvoir le dialogue et la coop\u00e9ration. La mission de l\u2019UpM est de renforcer la coop\u00e9ration r\u00e9gionale, le dialogue et la mise en \u0153uvre d\u2019initiatives et de projets concrets ayant un impact tangible sur nos citoyens, en mettant l&rsquo;accent sur les jeunes et les femmes, afin de r\u00e9aliser les trois objectifs strat\u00e9giques de la r\u00e9gion: la stabilit\u00e9, le d\u00e9veloppement humain et l&rsquo;int\u00e9gration.<\/p>\n\n\n<div class=\"wp-block-image\">\n<figure class=\"aligncenter size-large is-resized\"><img decoding=\"async\" loading=\"lazy\" src=\"http:\/\/medblueconomyplatform.org\/wp-content\/uploads\/2020\/07\/Foto_secci\u00f3n-Ufm.png\" alt=\"\" class=\"wp-image-223\" style=\"width:622px;height:217px\" width=\"622\" height=\"217\" srcset=\"https:\/\/medblueconomyplatform.org\/wp-content\/uploads\/2020\/07\/Foto_secci\u00f3n-Ufm.png 920w, https:\/\/medblueconomyplatform.org\/wp-content\/uploads\/2020\/07\/Foto_secci\u00f3n-Ufm-300x104.png 300w, https:\/\/medblueconomyplatform.org\/wp-content\/uploads\/2020\/07\/Foto_secci\u00f3n-Ufm-768x267.png 768w\" sizes=\"(max-width: 622px) 100vw, 622px\" \/><\/figure><\/div>\n\n\n<p>Le 17 novembre 2015, les ministres de l&rsquo;Union pour la M\u00e9diterran\u00e9e (UpM) ont adopt\u00e9 la <a href=\"http:\/\/Le 17 novembre 2015, les ministres de l'Union pour la M\u00e9diterran\u00e9e (UpM) ont adopt\u00e9 la D\u00e9claration Minist\u00e9rielle de l'UPM sur l'\u00c9conomie Bleue. La d\u00e9claration vise \u00e0 renforcer le potentiel de l'\u00e9conomie bleue dans la r\u00e9gion m\u00e9diterran\u00e9enne, \u00e0 am\u00e9liorer la gouvernance maritime et \u00e0 cr\u00e9er un environnement propice \u00e0 la promotion de l\u2019emploi, de l'innovation et des opportunit\u00e9s d\u2019affaires bas\u00e9es sur la connaissance, \u00e0 travers le d\u00e9veloppement des secteurs maritimes cl\u00e9s.\" target=\"_blank\" rel=\"noreferrer noopener\">D\u00e9claration Minist\u00e9rielle de l&rsquo;UPM sur l&rsquo;\u00c9conomie Bleue<\/a>. La d\u00e9claration vise \u00e0 renforcer le potentiel de l&rsquo;\u00e9conomie bleue dans la r\u00e9gion m\u00e9diterran\u00e9enne, \u00e0 am\u00e9liorer la gouvernance maritime et \u00e0 cr\u00e9er un environnement propice \u00e0 la promotion de l\u2019emploi, de l&rsquo;innovation et des opportunit\u00e9s d\u2019affaires bas\u00e9es sur la connaissance, \u00e0 travers le d\u00e9veloppement des secteurs maritimes cl\u00e9s.<\/p>\n\n\n\n<p>Dans le cadre du processus en cours, une 2<sup>\u00e8me<\/sup> R\u00e9union Minist\u00e9rielle de l&rsquo;UpM sur l&rsquo;\u00c9conomie Bleue aura lieu \u00e0 Malte au d\u00e9but de l\u2019ann\u00e9e 2021. Du 11 au 25 mars 2020, la copr\u00e9sidence et le secr\u00e9tariat de l&rsquo;UpM ont lanc\u00e9 une consultation en ligne pour les acteurs afin de promouvoir l&rsquo;\u00e9change de connaissances et la participation au sein de la communaut\u00e9 de l&rsquo;\u00e9conomie bleue. La consultation \u00e9tait structur\u00e9e autour de th\u00e8mes prioritaires identifi\u00e9s avec les \u00c9tats membres de l&rsquo;UpM, allant de la gouvernance maritime, l&rsquo;alimentation durable, le tourisme, le transport maritime et la gestion des ports, \u00e0 l&rsquo;adaptation aux changements climatiques, l&rsquo;\u00e9nergie marine, le d\u00e9veloppement des comp\u00e9tences bleues, et l&#8217;emploi, la s\u00e9curit\u00e9 et la surveillance. Environ 100 entit\u00e9s \u2013 y compris des centres de recherche et des universit\u00e9s, des administrations publiques, secteur priv\u00e9 et des organisations internationales et non gouvernementales \u2013 ont soumis plus de 350 commentaires substantiels. <\/p>\n\n\n\n<p>Documents utiles et informations compl\u00e9mentaires:<\/p>\n\n\n\n<hr class=\"wp-block-separator has-css-opacity\"\/>\n\n\n\n<ul>\n<li><a rel=\"noreferrer noopener\" href=\"https:\/\/ufmsecretariat.org\/annual-report-2019\/\" target=\"_blank\">UfM Annual Report 2019<\/a><\/li>\n\n\n\n<li><a rel=\"noreferrer noopener\" href=\"https:\/\/medblueconomyplatform.org\/inputs-received-from-the-ufm-blue-economy-stakeholders-community-through-the-on-line-consultation-held-between-the-11th-and-25th-of-march-2020\/\" target=\"_blank\">Stakeholders Consultation inputs in full in EN and FR (11th and 25th of March 2020)<\/a><\/li>\n\n\n\n<li><a rel=\"noreferrer noopener\" href=\"https:\/\/medblueconomyplatform.org\/1st-union-for-the-mediterranean-regional-stakeholder-conference-on-the-blue-economy\/\" target=\"_blank\">1st UfM Regional Stakeholder Conference on the Blue Economy (29 November 2017)<\/a><\/li>\n\n\n\n<li><a rel=\"noreferrer noopener\" href=\"https:\/\/ufmsecretariat.org\/wp-content\/uploads\/2015\/11\/2015-11-17-declaration-on-blue-economy_en.pdf\" target=\"_blank\">UfM Ministerial Declaration on Blue Economy (17 November 2015, Brussels)<\/a><\/li>\n<\/ul>\n\n\n\n<p><\/p>\n","protected":false},"excerpt":{"rendered":"<p>L&rsquo;Union pour la M\u00e9diterran\u00e9e (UpM) est une institution intergouvernementale r\u00e9unissant 28 \u00c9tats membres de l&rsquo;Union europ\u00e9enne et 15 pays du Sud et de l\u2019Est de la M\u00e9diterran\u00e9e, afin de promouvoir le dialogue et la coop\u00e9ration. La mission de l\u2019UpM est de renforcer la coop\u00e9ration r\u00e9gionale, le dialogue et la mise en \u0153uvre d\u2019initiatives et de &hellip; <\/p>\n<p class=\"link-more\"><a href=\"https:\/\/medblueconomyplatform.org\/fr\/a-propos\/lunion-pour-la-mediterranee\/\" class=\"more-link\">Continuer la lecture<span class=\"screen-reader-text\"> de &laquo;&nbsp;L\u2019Union pour la M\u00e9diterran\u00e9e&nbsp;&raquo;<\/span><\/a><\/p>\n","protected":false},"author":2,"featured_media":0,"parent":1055,"menu_order":0,"comment_status":"closed","ping_status":"closed","template":"","meta":{"footnotes":""},"_links":{"self":[{"href":"https:\/\/medblueconomyplatform.org\/fr\/wp-json\/wp\/v2\/pages\/992"}],"collection":[{"href":"https:\/\/medblueconomyplatform.org\/fr\/wp-json\/wp\/v2\/pages"}],"about":[{"href":"https:\/\/medblueconomyplatform.org\/fr\/wp-json\/wp\/v2\/types\/page"}],"author":[{"embeddable":true,"href":"https:\/\/medblueconomyplatform.org\/fr\/wp-json\/wp\/v2\/users\/2"}],"replies":[{"embeddable":true,"href":"https:\/\/medblueconomyplatform.org\/fr\/wp-json\/wp\/v2\/comments?post=992"}],"version-history":[{"count":5,"href":"https:\/\/medblueconomyplatform.org\/fr\/wp-json\/wp\/v2\/pages\/992\/revisions"}],"predecessor-version":[{"id":2297,"href":"https:\/\/medblueconomyplatform.org\/fr\/wp-json\/wp\/v2\/pages\/992\/revisions\/2297"}],"up":[{"embeddable":true,"href":"https:\/\/medblueconomyplatform.org\/fr\/wp-json\/wp\/v2\/pages\/1055"}],"wp:attachment":[{"href":"https:\/\/medblueconomyplatform.org\/fr\/wp-json\/wp\/v2\/media?parent=992"}],"curies":[{"name":"wp","href":"https:\/\/api.w.org\/{rel}","templated":true}]}}