{"id":996,"date":"2020-10-13T18:51:57","date_gmt":"2020-10-13T18:51:57","guid":{"rendered":"https:\/\/medblueconomyplatform.org\/?page_id=996\/"},"modified":"2023-09-28T20:56:25","modified_gmt":"2023-09-28T20:56:25","slug":"projets-labellises-par-lupm","status":"publish","type":"page","link":"https:\/\/medblueconomyplatform.org\/fr\/a-propos\/projets-labellises-par-lupm\/","title":{"rendered":"Projets labellis\u00e9s par l\u2019UpM"},"content":{"rendered":"\n<p>Le label de l\u2019UpM est attribu\u00e9 aux projets de coop\u00e9ration r\u00e9gionale par approbation unanime des 43 pays membres de l\u2019UpM, dont les repr\u00e9sentants nationaux ou hauts fonctionnaires, d\u00e9sign\u00e9s par leurs minist\u00e8res des Affaires \u00c9trang\u00e8res respectifs, se r\u00e9unissent r\u00e9guli\u00e8rement.&nbsp;&nbsp;Le label de l\u2019UpM:<\/p>\n\n\n\n<ul>\n<li>Apporte le soutien de 43 pays: \u00e0 travers le label de l\u2019UpM, le promoteur du projet re\u00e7oit le soutien de 43 pays; cette notori\u00e9t\u00e9 et cette visibilit\u00e9 l\u2019aident \u00e0 renforcer davantage le soutien et \u00e0 mobiliser les partenaires.<\/li>\n\n\n\n<li>Permet de trouver des solutions pour les projets r\u00e9gionaux complexes: le label de l\u2019UpM permet de surmonter les difficult\u00e9s des initiatives r\u00e9gionales et de mobiliser les gouvernements et les parties prenantes en faveur de la r\u00e9ussite d\u2019un projet.<\/li>\n\n\n\n<li>Facilite l\u2019acc\u00e8s au financement: le Secr\u00e9tariat de l\u2019UpM aide les promoteurs de projet \u00e0 acc\u00e9der \u00e0 un r\u00e9seau solide de donateurs et d\u2019institutions financi\u00e8res, de la r\u00e9gion m\u00e9diterran\u00e9enne et au-del\u00e0.<\/li>\n\n\n\n<li>Fait en sorte qu\u2019une id\u00e9e de projet puisse devenir r\u00e9alit\u00e9: le r\u00e9seau de partenaires euro-m\u00e9diterran\u00e9ens du Secr\u00e9tariat, ainsi que l\u2019expertise interne et externe permettent \u00e0 un projet de devenir une r\u00e9alit\u00e9 sur le terrain.<\/li>\n<\/ul>\n\n\n\n<p>Ci-dessous, les projets labellis\u00e9s en cours par l\u2019UpM en rapport avec l&rsquo;\u00e9conomie bleue:<\/p>\n\n\n\n<div class=\"wp-block-columns is-layout-flex wp-container-3 wp-block-columns-is-layout-flex\">\n<div class=\"wp-block-column is-layout-flow wp-block-column-is-layout-flow\">\n<figure class=\"wp-block-image size-large\"><a href=\"http:\/\/ufmsecretariat.org\/project\/medcoast4bg-med-coasts-blue-growth\/\" target=\"_blank\" rel=\"noopener noreferrer\"><img decoding=\"async\" loading=\"lazy\" width=\"1024\" height=\"385\" src=\"http:\/\/medblueconomyplatform.org\/wp-content\/uploads\/2020\/07\/medcoast-project_ufm-labelled-projects-3-1024x385.jpg\" alt=\"\" class=\"wp-image-314\" srcset=\"https:\/\/medblueconomyplatform.org\/wp-content\/uploads\/2020\/07\/medcoast-project_ufm-labelled-projects-3-1024x385.jpg 1024w, https:\/\/medblueconomyplatform.org\/wp-content\/uploads\/2020\/07\/medcoast-project_ufm-labelled-projects-3-300x113.jpg 300w, https:\/\/medblueconomyplatform.org\/wp-content\/uploads\/2020\/07\/medcoast-project_ufm-labelled-projects-3-768x289.jpg 768w, https:\/\/medblueconomyplatform.org\/wp-content\/uploads\/2020\/07\/medcoast-project_ufm-labelled-projects-3.jpg 1170w\" sizes=\"(max-width: 767px) 89vw, (max-width: 1000px) 54vw, (max-width: 1071px) 543px, 580px\" \/><\/a><figcaption class=\"wp-element-caption\"><em><a rel=\"noreferrer noopener\" href=\"http:\/\/ufmsecretariat.org\/project\/medcoast4bg-med-coasts-blue-growth\/\" target=\"_blank\">MedCoast4BG \u2013 Med Coasts for Blue Growth<\/a><\/em><\/figcaption><\/figure>\n\n\n\n<figure class=\"wp-block-image size-large\"><a href=\"https:\/\/ufmsecretariat.org\/project\/translogmed\/\" target=\"_blank\" rel=\"noopener noreferrer\"><img decoding=\"async\" loading=\"lazy\" width=\"1024\" height=\"385\" src=\"http:\/\/medblueconomyplatform.org\/wp-content\/uploads\/2020\/07\/TransLogMED-project_ufm-labelled-projects-3-1024x385.jpg\" alt=\"\" class=\"wp-image-316\" srcset=\"https:\/\/medblueconomyplatform.org\/wp-content\/uploads\/2020\/07\/TransLogMED-project_ufm-labelled-projects-3-1024x385.jpg 1024w, https:\/\/medblueconomyplatform.org\/wp-content\/uploads\/2020\/07\/TransLogMED-project_ufm-labelled-projects-3-300x113.jpg 300w, https:\/\/medblueconomyplatform.org\/wp-content\/uploads\/2020\/07\/TransLogMED-project_ufm-labelled-projects-3-768x289.jpg 768w, https:\/\/medblueconomyplatform.org\/wp-content\/uploads\/2020\/07\/TransLogMED-project_ufm-labelled-projects-3.jpg 1170w\" sizes=\"(max-width: 767px) 89vw, (max-width: 1000px) 54vw, (max-width: 1071px) 543px, 580px\" \/><\/a><figcaption class=\"wp-element-caption\"><em><a rel=\"noreferrer noopener\" href=\"https:\/\/ufmsecretariat.org\/project\/translogmed\/\" target=\"_blank\"><em>TransLogMED<\/em><\/a><\/em><\/figcaption><\/figure>\n\n\n\n<figure class=\"wp-block-image size-large\"><a href=\"https:\/\/ufmsecretariat.org\/project\/medfund\/\" target=\"_blank\" rel=\"noopener noreferrer\"><img decoding=\"async\" loading=\"lazy\" width=\"1024\" height=\"385\" src=\"http:\/\/medblueconomyplatform.org\/wp-content\/uploads\/2020\/07\/TheMedFund-project_ufm-labelled-projects-2-1024x385.jpg\" alt=\"\" class=\"wp-image-318\" srcset=\"https:\/\/medblueconomyplatform.org\/wp-content\/uploads\/2020\/07\/TheMedFund-project_ufm-labelled-projects-2-1024x385.jpg 1024w, https:\/\/medblueconomyplatform.org\/wp-content\/uploads\/2020\/07\/TheMedFund-project_ufm-labelled-projects-2-300x113.jpg 300w, https:\/\/medblueconomyplatform.org\/wp-content\/uploads\/2020\/07\/TheMedFund-project_ufm-labelled-projects-2-768x289.jpg 768w, https:\/\/medblueconomyplatform.org\/wp-content\/uploads\/2020\/07\/TheMedFund-project_ufm-labelled-projects-2.jpg 1170w\" sizes=\"(max-width: 767px) 89vw, (max-width: 1000px) 54vw, (max-width: 1071px) 543px, 580px\" \/><\/a><figcaption class=\"wp-element-caption\"><a rel=\"noreferrer noopener\" href=\"https:\/\/ufmsecretariat.org\/project\/medfund\/\" target=\"_blank\">The MedFund<\/a><\/figcaption><\/figure>\n\n\n\n<p><\/p>\n<\/div>\n\n\n\n<div class=\"wp-block-column is-layout-flow wp-block-column-is-layout-flow\">\n<figure class=\"wp-block-image size-large\"><a href=\"https:\/\/ufmsecretariat.org\/project\/plastic-busters-for-a-mediterranean-free-from-litter\/\" target=\"_blank\" rel=\"noopener noreferrer\"><img decoding=\"async\" loading=\"lazy\" width=\"1024\" height=\"385\" src=\"http:\/\/medblueconomyplatform.org\/wp-content\/uploads\/2020\/07\/plastic-buster_ufm-labelled-projects-3-1024x385.jpg\" alt=\"\" class=\"wp-image-315\" srcset=\"https:\/\/medblueconomyplatform.org\/wp-content\/uploads\/2020\/07\/plastic-buster_ufm-labelled-projects-3-1024x385.jpg 1024w, https:\/\/medblueconomyplatform.org\/wp-content\/uploads\/2020\/07\/plastic-buster_ufm-labelled-projects-3-300x113.jpg 300w, https:\/\/medblueconomyplatform.org\/wp-content\/uploads\/2020\/07\/plastic-buster_ufm-labelled-projects-3-768x289.jpg 768w, https:\/\/medblueconomyplatform.org\/wp-content\/uploads\/2020\/07\/plastic-buster_ufm-labelled-projects-3.jpg 1170w\" sizes=\"(max-width: 767px) 89vw, (max-width: 1000px) 54vw, (max-width: 1071px) 543px, 580px\" \/><\/a><figcaption class=\"wp-element-caption\"><a rel=\"noreferrer noopener\" href=\"https:\/\/ufmsecretariat.org\/project\/plastic-busters-for-a-mediterranean-free-from-litter\/\" target=\"_blank\">PLASTIC-BUSTERS for a Mediterranean free from litter<\/a><\/figcaption><\/figure>\n\n\n\n<figure class=\"wp-block-image size-large\"><a href=\"https:\/\/ufmsecretariat.org\/project\/blueskills-blue-jobs\/\" target=\"_blank\" rel=\"noopener noreferrer\"><img decoding=\"async\" loading=\"lazy\" width=\"1024\" height=\"385\" src=\"http:\/\/medblueconomyplatform.org\/wp-content\/uploads\/2020\/07\/blueskills_mediterranean-project_ufm-labelled-projects-3-1024x385.jpg\" alt=\"\" class=\"wp-image-317\" srcset=\"https:\/\/medblueconomyplatform.org\/wp-content\/uploads\/2020\/07\/blueskills_mediterranean-project_ufm-labelled-projects-3-1024x385.jpg 1024w, https:\/\/medblueconomyplatform.org\/wp-content\/uploads\/2020\/07\/blueskills_mediterranean-project_ufm-labelled-projects-3-300x113.jpg 300w, https:\/\/medblueconomyplatform.org\/wp-content\/uploads\/2020\/07\/blueskills_mediterranean-project_ufm-labelled-projects-3-768x289.jpg 768w, https:\/\/medblueconomyplatform.org\/wp-content\/uploads\/2020\/07\/blueskills_mediterranean-project_ufm-labelled-projects-3.jpg 1170w\" sizes=\"(max-width: 767px) 89vw, (max-width: 1000px) 54vw, (max-width: 1071px) 543px, 580px\" \/><\/a><figcaption class=\"wp-element-caption\"><a rel=\"noreferrer noopener\" href=\"https:\/\/ufmsecretariat.org\/project\/blueskills-blue-jobs\/\" target=\"_blank\">BlueSkills<\/a><\/figcaption><\/figure>\n<\/div>\n<\/div>\n\n\n\n<div class=\"wp-block-group is-layout-flow wp-block-group-is-layout-flow\"><div class=\"wp-block-group__inner-container\"><\/div><\/div>\n\n\n\n<p>Plus d\u2019informations sont disponibles sur:&nbsp;<a href=\"https:\/\/ufmsecretariat.org\/what-we-do\/projects\/\" target=\"_blank\" rel=\"noreferrer noopener\">https:\/\/ufmsecretariat.org\/what-we-do\/projects\/<\/a><\/p>\n","protected":false},"excerpt":{"rendered":"<p>Le label de l\u2019UpM est attribu\u00e9 aux projets de coop\u00e9ration r\u00e9gionale par approbation unanime des 43 pays membres de l\u2019UpM, dont les repr\u00e9sentants nationaux ou hauts fonctionnaires, d\u00e9sign\u00e9s par leurs minist\u00e8res des Affaires \u00c9trang\u00e8res respectifs, se r\u00e9unissent r\u00e9guli\u00e8rement.&nbsp;&nbsp;Le label de l\u2019UpM: Ci-dessous, les projets labellis\u00e9s en cours par l\u2019UpM en rapport avec l&rsquo;\u00e9conomie bleue: Plus &hellip; <\/p>\n<p class=\"link-more\"><a href=\"https:\/\/medblueconomyplatform.org\/fr\/a-propos\/projets-labellises-par-lupm\/\" class=\"more-link\">Continuer la lecture<span class=\"screen-reader-text\"> de &laquo;&nbsp;Projets labellis\u00e9s par l\u2019UpM&nbsp;&raquo;<\/span><\/a><\/p>\n","protected":false},"author":2,"featured_media":0,"parent":1055,"menu_order":0,"comment_status":"closed","ping_status":"closed","template":"","meta":{"footnotes":""},"_links":{"self":[{"href":"https:\/\/medblueconomyplatform.org\/fr\/wp-json\/wp\/v2\/pages\/996"}],"collection":[{"href":"https:\/\/medblueconomyplatform.org\/fr\/wp-json\/wp\/v2\/pages"}],"about":[{"href":"https:\/\/medblueconomyplatform.org\/fr\/wp-json\/wp\/v2\/types\/page"}],"author":[{"embeddable":true,"href":"https:\/\/medblueconomyplatform.org\/fr\/wp-json\/wp\/v2\/users\/2"}],"replies":[{"embeddable":true,"href":"https:\/\/medblueconomyplatform.org\/fr\/wp-json\/wp\/v2\/comments?post=996"}],"version-history":[{"count":2,"href":"https:\/\/medblueconomyplatform.org\/fr\/wp-json\/wp\/v2\/pages\/996\/revisions"}],"predecessor-version":[{"id":2300,"href":"https:\/\/medblueconomyplatform.org\/fr\/wp-json\/wp\/v2\/pages\/996\/revisions\/2300"}],"up":[{"embeddable":true,"href":"https:\/\/medblueconomyplatform.org\/fr\/wp-json\/wp\/v2\/pages\/1055"}],"wp:attachment":[{"href":"https:\/\/medblueconomyplatform.org\/fr\/wp-json\/wp\/v2\/media?parent=996"}],"curies":[{"name":"wp","href":"https:\/\/api.w.org\/{rel}","templated":true}]}}