{"id":998,"date":"2020-10-13T18:55:24","date_gmt":"2020-10-13T18:55:24","guid":{"rendered":"https:\/\/medblueconomyplatform.org\/?page_id=998\/"},"modified":"2023-09-28T20:57:22","modified_gmt":"2023-09-28T20:57:22","slug":"cadre-de-leconomie-bleue","status":"publish","type":"page","link":"https:\/\/medblueconomyplatform.org\/fr\/cadre-de-leconomie-bleue\/","title":{"rendered":"Cadre de l&rsquo;\u00c9conomie Bleue"},"content":{"rendered":"\n<p>Dans cette section, vous trouverez des informations sur les strat\u00e9gies internationales les plus pertinentes en vigueur pour promouvoir l&rsquo;\u00c9conomie Bleue. Elle comprend \u00e9galement les strat\u00e9gies, politiques, initiatives, plans et cadres r\u00e9gionaux, les communaut\u00e9s et les r\u00e9seaux, ainsi que les p\u00f4les d\u2019activit\u00e9s maritimes en M\u00e9diterran\u00e9e. Les Directives europ\u00e9ennes les plus pertinentes en mati\u00e8re d\u2019&rsquo;\u00c9conomie Bleue sont \u00e9galement pr\u00e9sent\u00e9es.<\/p>\n\n\n\n<p>Voici comment l\u2019information est agr\u00e9g\u00e9e:<\/p>\n\n\n\n<ul>\n<li>Dans la rubrique \u00abCadres internationaux\u00bb, vous trouverez de l\u2019information sur les politiques, strat\u00e9gies et accords internationaux pour une \u00e9conomie maritime durable.&nbsp;<\/li>\n\n\n\n<li>Dans la rubrique \u00abDirectives Europ\u00e9ennes\u00bb, vous trouverez une compilation de directives \u00e0 niveau europ\u00e9en r\u00e9glementant les affaires marines et maritimes et les secteurs connexes.&nbsp;<\/li>\n\n\n\n<li>Dans la rubrique \u00ab&nbsp;Bassin M\u00e9diterran\u00e9en \u00bb, vous trouverez des politiques, des strat\u00e9gies, des p\u00f4les d\u2019activit\u00e9s et des communaut\u00e9s ax\u00e9s sur les affaires marines et maritimes dans la r\u00e9gion.&nbsp;<\/li>\n<\/ul>\n\n\n\n<p><\/p>\n","protected":false},"excerpt":{"rendered":"<p>Dans cette section, vous trouverez des informations sur les strat\u00e9gies internationales les plus pertinentes en vigueur pour promouvoir l&rsquo;\u00c9conomie Bleue. Elle comprend \u00e9galement les strat\u00e9gies, politiques, initiatives, plans et cadres r\u00e9gionaux, les communaut\u00e9s et les r\u00e9seaux, ainsi que les p\u00f4les d\u2019activit\u00e9s maritimes en M\u00e9diterran\u00e9e. Les Directives europ\u00e9ennes les plus pertinentes en mati\u00e8re d\u2019&rsquo;\u00c9conomie Bleue sont &hellip; <\/p>\n<p class=\"link-more\"><a href=\"https:\/\/medblueconomyplatform.org\/fr\/cadre-de-leconomie-bleue\/\" class=\"more-link\">Continuer la lecture<span class=\"screen-reader-text\"> de &laquo;&nbsp;Cadre de l&rsquo;\u00c9conomie Bleue&nbsp;&raquo;<\/span><\/a><\/p>\n","protected":false},"author":2,"featured_media":0,"parent":0,"menu_order":0,"comment_status":"closed","ping_status":"closed","template":"","meta":{"footnotes":""},"_links":{"self":[{"href":"https:\/\/medblueconomyplatform.org\/fr\/wp-json\/wp\/v2\/pages\/998"}],"collection":[{"href":"https:\/\/medblueconomyplatform.org\/fr\/wp-json\/wp\/v2\/pages"}],"about":[{"href":"https:\/\/medblueconomyplatform.org\/fr\/wp-json\/wp\/v2\/types\/page"}],"author":[{"embeddable":true,"href":"https:\/\/medblueconomyplatform.org\/fr\/wp-json\/wp\/v2\/users\/2"}],"replies":[{"embeddable":true,"href":"https:\/\/medblueconomyplatform.org\/fr\/wp-json\/wp\/v2\/comments?post=998"}],"version-history":[{"count":2,"href":"https:\/\/medblueconomyplatform.org\/fr\/wp-json\/wp\/v2\/pages\/998\/revisions"}],"predecessor-version":[{"id":2304,"href":"https:\/\/medblueconomyplatform.org\/fr\/wp-json\/wp\/v2\/pages\/998\/revisions\/2304"}],"wp:attachment":[{"href":"https:\/\/medblueconomyplatform.org\/fr\/wp-json\/wp\/v2\/media?parent=998"}],"curies":[{"name":"wp","href":"https:\/\/api.w.org\/{rel}","templated":true}]}}